{"id":29020,"date":"2025-07-11T21:30:31","date_gmt":"2025-07-11T21:30:31","guid":{"rendered":"https:\/\/palevioletred-magpie-469352.hostingersite.com\/?post_type=product&#038;p=29020"},"modified":"2026-02-17T02:17:39","modified_gmt":"2026-02-17T00:17:39","slug":"perfect-fit-sleeves-clear-toploading","status":"publish","type":"product","link":"https:\/\/shop-mobo.com\/fr\/perfect-fit-sleeves-clear-toploading\/","title":{"rendered":"Perfect Fit Card Sleeves by MOBO \u2013 Clear"},"content":{"rendered":"<div data-elementor-type=\"wp-post\" data-elementor-id=\"29020\" class=\"elementor elementor-29020\">\n\t\t\t\t<div class=\"wd-negative-gap elementor-element elementor-element-fd0ea38 e-flex e-con-boxed e-con e-parent\" data-id=\"fd0ea38\" data-element_type=\"container\" data-e-type=\"container\">\n\t\t\t\t\t<div class=\"e-con-inner\">\n\t\t<div class=\"elementor-element elementor-element-ce43b4e e-con-full e-flex e-con e-child\" data-id=\"ce43b4e\" data-element_type=\"container\" data-e-type=\"container\">\n\t\t<div class=\"elementor-element elementor-element-7ad8b29 e-con-full e-flex e-con e-child\" data-id=\"7ad8b29\" data-element_type=\"container\" data-e-type=\"container\">\n\t\t\t\t<div class=\"elementor-element elementor-element-4e6d4ca elementor-widget elementor-widget-wd_image_or_svg\" data-id=\"4e6d4ca\" data-element_type=\"widget\" data-e-type=\"widget\" data-widget_type=\"wd_image_or_svg.default\">\n\t\t\t\t<div class=\"elementor-widget-container\">\n\t\t\t\t\t\n\t\t<div class=\"wd-image text-left\">\n\t\t\t\t\t\t\t\t<img loading=\"lazy\" decoding=\"async\" width=\"2560\" height=\"1647\" src=\"https:\/\/shop-mobo.com\/wp-content\/uploads\/2025\/12\/mobo-card-binder-side-loading-pockets-mobo-card-demo-scaled.jpg\" class=\"attachment-full size-full\" alt=\"\" srcset=\"https:\/\/shop-mobo.com\/wp-content\/uploads\/2025\/12\/mobo-card-binder-side-loading-pockets-mobo-card-demo-scaled.jpg 2560w, https:\/\/shop-mobo.com\/wp-content\/uploads\/2025\/12\/mobo-card-binder-side-loading-pockets-mobo-card-demo-400x257.jpg 400w, https:\/\/shop-mobo.com\/wp-content\/uploads\/2025\/12\/mobo-card-binder-side-loading-pockets-mobo-card-demo-1244x800.jpg 1244w, https:\/\/shop-mobo.com\/wp-content\/uploads\/2025\/12\/mobo-card-binder-side-loading-pockets-mobo-card-demo-768x494.jpg 768w, https:\/\/shop-mobo.com\/wp-content\/uploads\/2025\/12\/mobo-card-binder-side-loading-pockets-mobo-card-demo-1536x988.jpg 1536w, https:\/\/shop-mobo.com\/wp-content\/uploads\/2025\/12\/mobo-card-binder-side-loading-pockets-mobo-card-demo-2048x1317.jpg 2048w, https:\/\/shop-mobo.com\/wp-content\/uploads\/2025\/12\/mobo-card-binder-side-loading-pockets-mobo-card-demo-18x12.jpg 18w, https:\/\/shop-mobo.com\/wp-content\/uploads\/2025\/12\/mobo-card-binder-side-loading-pockets-mobo-card-demo-600x386.jpg 600w, https:\/\/shop-mobo.com\/wp-content\/uploads\/2025\/12\/mobo-card-binder-side-loading-pockets-mobo-card-demo-1200x772.jpg 1200w, https:\/\/shop-mobo.com\/wp-content\/uploads\/2025\/12\/mobo-card-binder-side-loading-pockets-mobo-card-demo-148x95.jpg 148w\" sizes=\"auto, (max-width: 2560px) 100vw, 2560px\" title=\"\">\t\t\t\t\t<\/div>\n\n\t\t\t\t\t\t<\/div>\n\t\t\t\t<\/div>\n\t\t\t\t<\/div>\n\t\t<div class=\"elementor-element elementor-element-9ea8bcd e-con-full e-flex e-con e-child\" data-id=\"9ea8bcd\" data-element_type=\"container\" data-e-type=\"container\">\n\t\t\t\t<div class=\"elementor-element elementor-element-3a934a5 wd-width-100 elementor-widget elementor-widget-wd_title\" data-id=\"3a934a5\" data-element_type=\"widget\" data-e-type=\"widget\" data-widget_type=\"wd_title.default\">\n\t\t\t\t<div class=\"elementor-widget-container\">\n\t\t\t\t\t\t\t<div class=\"title-wrapper wd-set-mb reset-last-child wd-title-color-default wd-title-style-default wd-title-size-default text-left\">\n\n\t\t\t\n\t\t\t<div class=\"liner-continer\">\n\t\t\t\t<h4 class=\"woodmart-title-container title wd-fontsize-l\"><\/h4> \n\t\t\t\t\t\t\t<\/div>\n\n\t\t\t\t\t\t\t<div class=\"title-after_title reset-last-child wd-fontsize-xs\">\n\t\t\t\t\t<h3>Perfect Fit Card Sleeves by MOBO\u200b<\/h3>\t\t\t\t<\/div>\n\t\t\t\t\t<\/div>\n\t\t\t\t\t\t<\/div>\n\t\t\t\t<\/div>\n\t\t\t\t<div class=\"elementor-element elementor-element-495423d elementor-widget elementor-widget-wd_text_block\" data-id=\"495423d\" data-element_type=\"widget\" data-e-type=\"widget\" data-widget_type=\"wd_text_block.default\">\n\t\t\t\t<div class=\"elementor-widget-container\">\n\t\t\t\t\t\t\t<div class=\"wd-text-block reset-last-child text-left\">\n\t\t\t\n\t\t\t<p data-start=\"191\" data-end=\"493\">Con\u00e7ues pour une protection de pr\u00e9cision, avec une transparence parfaite des deux c\u00f4t\u00e9s.<br data-start=\"266\" data-end=\"269\" \/>Fabriqu\u00e9es \u00e0 partir d\u2019un film haute r\u00e9sistance, ces pochettes int\u00e8grent des soudures lat\u00e9rales renforc\u00e9es pour \u00e9viter les d\u00e9chirures lors des manipulations r\u00e9p\u00e9t\u00e9es. Les bords thermoscell\u00e9s garantissent une forme stable, sans ouverture ni d\u00e9formation.<\/p><p data-start=\"495\" data-end=\"708\"><strong>Avec une \u00e9paisseur r\u00e9elle de 60 \u03bcm<\/strong>, elles sont nettement plus robustes que les inner sleeves classiques tout en conservant un profil ultra-fin, id\u00e9al pour le double-sleeving.<\/p>\n\t\t\t\t\t<\/div>\n\t\t\t\t\t\t<\/div>\n\t\t\t\t<\/div>\n\t\t\t\t<\/div>\n\t\t\t\t<\/div>\n\t\t<div class=\"elementor-element elementor-element-7ccf4e1 e-con-full e-flex e-con e-child\" data-id=\"7ccf4e1\" data-element_type=\"container\" data-e-type=\"container\">\n\t\t<div class=\"elementor-element elementor-element-03c4826 e-con-full e-flex e-con e-child\" data-id=\"03c4826\" data-element_type=\"container\" data-e-type=\"container\">\n\t\t\t\t<div class=\"elementor-element elementor-element-db61354 wd-width-100 elementor-widget elementor-widget-wd_title\" data-id=\"db61354\" data-element_type=\"widget\" data-e-type=\"widget\" data-widget_type=\"wd_title.default\">\n\t\t\t\t<div class=\"elementor-widget-container\">\n\t\t\t\t\t\t\t<div class=\"title-wrapper wd-set-mb reset-last-child wd-title-color-default wd-title-style-default wd-title-size-default text-left\">\n\n\t\t\t\n\t\t\t<div class=\"liner-continer\">\n\t\t\t\t<h4 class=\"woodmart-title-container title wd-fontsize-l\">Maximum Security<br \/>\n<\/h4> \n\t\t\t\t\t\t\t<\/div>\n\n\t\t\t\t\t<\/div>\n\t\t\t\t\t\t<\/div>\n\t\t\t\t<\/div>\n\t\t\t\t<div class=\"elementor-element elementor-element-c5331e3 elementor-widget elementor-widget-wd_text_block\" data-id=\"c5331e3\" data-element_type=\"widget\" data-e-type=\"widget\" data-widget_type=\"wd_text_block.default\">\n\t\t\t\t<div class=\"elementor-widget-container\">\n\t\t\t\t\t\t\t<div class=\"wd-text-block reset-last-child text-left\">\n\t\t\t\n\t\t\t<p data-start=\"710\" data-end=\"994\">Adapt\u00e9es avec une pr\u00e9cision millim\u00e9trique au format standard, elles cr\u00e9ent une couche protectrice ajust\u00e9e qui prot\u00e8ge efficacement contre la poussi\u00e8re, les micro-rayures et l\u2019usure li\u00e9e aux manipulations.<br data-start=\"866\" data-end=\"869\" \/><strong>Associ\u00e9es aux MOBO Gloss Deck Protector Sleeves<\/strong>, elles forment une barri\u00e8re double couche durable qui renforce la protection et la stabilit\u00e9 de vos cartes.<\/p>\n\t\t\t\t\t<\/div>\n\t\t\t\t\t\t<\/div>\n\t\t\t\t<\/div>\n\t\t\t\t<div class=\"elementor-element elementor-element-5eed5e8 elementor-widget elementor-widget-wd_button\" data-id=\"5eed5e8\" data-element_type=\"widget\" data-e-type=\"widget\" data-widget_type=\"wd_button.default\">\n\t\t\t\t<div class=\"elementor-widget-container\">\n\t\t\t\t\t\t\t<div class=\"wd-button-wrapper text-left\" >\n\t\t\t<a class=\"btn btn-style-default btn-shape-semi-round btn-size-default btn-color-primary btn-icon-pos-right\"  href=\"#\">\n\t\t\t\t<span class=\"wd-btn-text\" data-elementor-setting-key=\"text\">\n\t\t\t\t\tQuestions &amp; R\u00e9ponses\t\t\t\t<\/span>\n\n\t\t\t\t\t\t\t<\/a>\n\t\t<\/div>\n\t\t\t\t\t\t<\/div>\n\t\t\t\t<\/div>\n\t\t\t\t<\/div>\n\t\t<div class=\"elementor-element elementor-element-47ba89b e-con-full e-flex e-con e-child\" data-id=\"47ba89b\" data-element_type=\"container\" data-e-type=\"container\">\n\t\t\t\t<div class=\"elementor-element elementor-element-3ded144 elementor-widget elementor-widget-wd_image_or_svg\" data-id=\"3ded144\" data-element_type=\"widget\" data-e-type=\"widget\" data-widget_type=\"wd_image_or_svg.default\">\n\t\t\t\t<div class=\"elementor-widget-container\">\n\t\t\t\t\t\n\t\t<div class=\"wd-image text-left\">\n\t\t\t\t\t\t\t\t<img loading=\"lazy\" decoding=\"async\" width=\"2560\" height=\"1660\" src=\"https:\/\/shop-mobo.com\/wp-content\/uploads\/2025\/12\/mobo-card-binder-insert-protection-page-extra-layer-scaled.jpg\" class=\"attachment-full size-full\" alt=\"\" srcset=\"https:\/\/shop-mobo.com\/wp-content\/uploads\/2025\/12\/mobo-card-binder-insert-protection-page-extra-layer-scaled.jpg 2560w, https:\/\/shop-mobo.com\/wp-content\/uploads\/2025\/12\/mobo-card-binder-insert-protection-page-extra-layer-400x259.jpg 400w, https:\/\/shop-mobo.com\/wp-content\/uploads\/2025\/12\/mobo-card-binder-insert-protection-page-extra-layer-1233x800.jpg 1233w, https:\/\/shop-mobo.com\/wp-content\/uploads\/2025\/12\/mobo-card-binder-insert-protection-page-extra-layer-768x498.jpg 768w, https:\/\/shop-mobo.com\/wp-content\/uploads\/2025\/12\/mobo-card-binder-insert-protection-page-extra-layer-1536x996.jpg 1536w, https:\/\/shop-mobo.com\/wp-content\/uploads\/2025\/12\/mobo-card-binder-insert-protection-page-extra-layer-2048x1328.jpg 2048w, https:\/\/shop-mobo.com\/wp-content\/uploads\/2025\/12\/mobo-card-binder-insert-protection-page-extra-layer-18x12.jpg 18w, https:\/\/shop-mobo.com\/wp-content\/uploads\/2025\/12\/mobo-card-binder-insert-protection-page-extra-layer-600x389.jpg 600w, https:\/\/shop-mobo.com\/wp-content\/uploads\/2025\/12\/mobo-card-binder-insert-protection-page-extra-layer-1200x778.jpg 1200w, https:\/\/shop-mobo.com\/wp-content\/uploads\/2025\/12\/mobo-card-binder-insert-protection-page-extra-layer-148x96.jpg 148w\" sizes=\"auto, (max-width: 2560px) 100vw, 2560px\" title=\"\">\t\t\t\t\t<\/div>\n\n\t\t\t\t\t\t<\/div>\n\t\t\t\t<\/div>\n\t\t\t\t<\/div>\n\t\t\t\t<\/div>\n\t\t\t\t\t<\/div>\n\t\t\t\t<\/div>\n\t\t\t\t<\/div>","protected":false},"excerpt":{"rendered":"<p>\u2013 100 sleeves par pack<br \/>\n\u2013 \u00c9paisseur renforc\u00e9e (60 \u03bcm)<br \/>\n\u2013 Top-loading<br \/>\n\u2013 Clart\u00e9 exceptionnelle<br \/>\n\u2013 Qualit\u00e9 archive \u2013 Sans PVC \/ Sans acide<br \/>\n\u2013 Ajustement parfait pour les cartes au format standard<br \/>\n\u2013 Parfaites pour le double-sleeving avec les \u201cGlossy Standard Card Sleeves by MOBO\u201d<\/p>","protected":false},"featured_media":31827,"template":"","meta":[],"product_brand":[77],"product_cat":[76,101],"product_tag":[73],"class_list":{"0":"post-29020","1":"product","2":"type-product","3":"status-publish","4":"has-post-thumbnail","6":"product_brand-mobo","7":"product_cat-tcg-sleeves","8":"product_cat-tcg-card-protection","9":"product_tag-sleeves","11":"first","12":"instock","13":"taxable","14":"shipping-taxable","15":"purchasable","16":"product-type-simple"},"tiered_pricing_type":"fixed","tiered_pricing_fixed_rules":{"6":2.79,"12":2.49},"tiered_pricing_product_settings":{"layout":"default","base_unit_name":{"singular":null,"plural":null},"default_variation":null},"tiered_pricing_minimum_quantity":null,"tiered_pricing_roles_data":[],"tiered_pricing_percentage_rules":[],"_links":{"self":[{"href":"https:\/\/shop-mobo.com\/fr\/wp-json\/wp\/v2\/product\/29020","targetHints":{"allow":["GET"]}}],"collection":[{"href":"https:\/\/shop-mobo.com\/fr\/wp-json\/wp\/v2\/product"}],"about":[{"href":"https:\/\/shop-mobo.com\/fr\/wp-json\/wp\/v2\/types\/product"}],"version-history":[{"count":35,"href":"https:\/\/shop-mobo.com\/fr\/wp-json\/wp\/v2\/product\/29020\/revisions"}],"predecessor-version":[{"id":32264,"href":"https:\/\/shop-mobo.com\/fr\/wp-json\/wp\/v2\/product\/29020\/revisions\/32264"}],"wp:featuredmedia":[{"embeddable":true,"href":"https:\/\/shop-mobo.com\/fr\/wp-json\/wp\/v2\/media\/31827"}],"wp:attachment":[{"href":"https:\/\/shop-mobo.com\/fr\/wp-json\/wp\/v2\/media?parent=29020"}],"wp:term":[{"taxonomy":"product_brand","embeddable":true,"href":"https:\/\/shop-mobo.com\/fr\/wp-json\/wp\/v2\/product_brand?post=29020"},{"taxonomy":"product_cat","embeddable":true,"href":"https:\/\/shop-mobo.com\/fr\/wp-json\/wp\/v2\/product_cat?post=29020"},{"taxonomy":"product_tag","embeddable":true,"href":"https:\/\/shop-mobo.com\/fr\/wp-json\/wp\/v2\/product_tag?post=29020"}],"curies":[{"name":"wp","href":"https:\/\/api.w.org\/{rel}","templated":true}]}}