{"id":29079,"date":"2025-09-02T15:47:50","date_gmt":"2025-09-02T15:47:50","guid":{"rendered":"https:\/\/shop-mobo.com\/?post_type=product&#038;p=29079"},"modified":"2026-02-17T01:31:27","modified_gmt":"2026-02-16T23:31:27","slug":"crystal-box-protector-build-battle-stadium-pokemon","status":"publish","type":"product","link":"https:\/\/shop-mobo.com\/fr\/crystal-box-protector-build-battle-stadium-pokemon\/","title":{"rendered":"Crystal Box Protector \u2013 For Pok\u00e9mon Build &#038; Battle Stadium ETB"},"content":{"rendered":"<div data-elementor-type=\"wp-post\" data-elementor-id=\"29079\" class=\"elementor elementor-29079\">\n\t\t\t\t<div class=\"wd-negative-gap elementor-element elementor-element-6be7894 e-flex e-con-boxed e-con e-parent\" data-id=\"6be7894\" data-element_type=\"container\" data-e-type=\"container\">\n\t\t\t\t\t<div class=\"e-con-inner\">\n\t\t\t\t<div class=\"elementor-element elementor-element-a387351 elementor-widget__width-initial elementor-widget-mobile__width-inherit elementor-widget elementor-widget-wd_image_or_svg\" data-id=\"a387351\" data-element_type=\"widget\" data-e-type=\"widget\" data-widget_type=\"wd_image_or_svg.default\">\n\t\t\t\t<div class=\"elementor-widget-container\">\n\t\t\t\t\t\n\t\t<div class=\"wd-image text-left\">\n\t\t\t\t\t\t\t\t<img loading=\"lazy\" decoding=\"async\" width=\"2560\" height=\"1597\" src=\"https:\/\/shop-mobo.com\/wp-content\/uploads\/2025\/09\/mobo-crystal-box-protector-display-2-scaled.jpg\" class=\"attachment-full size-full\" alt=\"\" srcset=\"https:\/\/shop-mobo.com\/wp-content\/uploads\/2025\/09\/mobo-crystal-box-protector-display-2-scaled.jpg 2560w, https:\/\/shop-mobo.com\/wp-content\/uploads\/2025\/09\/mobo-crystal-box-protector-display-2-400x249.jpg 400w, https:\/\/shop-mobo.com\/wp-content\/uploads\/2025\/09\/mobo-crystal-box-protector-display-2-1283x800.jpg 1283w, https:\/\/shop-mobo.com\/wp-content\/uploads\/2025\/09\/mobo-crystal-box-protector-display-2-768x479.jpg 768w, https:\/\/shop-mobo.com\/wp-content\/uploads\/2025\/09\/mobo-crystal-box-protector-display-2-1536x958.jpg 1536w, https:\/\/shop-mobo.com\/wp-content\/uploads\/2025\/09\/mobo-crystal-box-protector-display-2-2048x1277.jpg 2048w, https:\/\/shop-mobo.com\/wp-content\/uploads\/2025\/09\/mobo-crystal-box-protector-display-2-18x12.jpg 18w, https:\/\/shop-mobo.com\/wp-content\/uploads\/2025\/09\/mobo-crystal-box-protector-display-2-600x374.jpg 600w, https:\/\/shop-mobo.com\/wp-content\/uploads\/2025\/09\/mobo-crystal-box-protector-display-2-1200x748.jpg 1200w, https:\/\/shop-mobo.com\/wp-content\/uploads\/2025\/09\/mobo-crystal-box-protector-display-2-148x92.jpg 148w\" sizes=\"auto, (max-width: 2560px) 100vw, 2560px\" title=\"\">\t\t\t\t\t<\/div>\n\n\t\t\t\t\t\t<\/div>\n\t\t\t\t<\/div>\n\t\t\t\t<div class=\"elementor-element elementor-element-29792dc elementor-widget__width-initial elementor-widget-mobile__width-inherit elementor-widget elementor-widget-wd_text_block\" data-id=\"29792dc\" data-element_type=\"widget\" data-e-type=\"widget\" data-widget_type=\"wd_text_block.default\">\n\t\t\t\t<div class=\"elementor-widget-container\">\n\t\t\t\t\t\t\t<div class=\"wd-text-block reset-last-child text-left\">\n\t\t\t\n\t\t\t<h2 style=\"padding-left: 40px;\">\u00a0<\/h2><h3 style=\"padding-left: 40px;\"><em><strong data-start=\"329\" data-end=\"374\">Crystal Box Protector Build &amp; Battle Stadium Pok\u00e9mon<\/strong><\/em><\/h3><p style=\"text-align: left; padding-left: 40px;\"><strong data-start=\"329\" data-end=\"374\">Protection Maximale<\/strong><br data-start=\"374\" data-end=\"377\" \/><br \/>Chez MOBO, nous utilisons toujours l\u2019\u00e9paisseur de PET la plus adapt\u00e9e \u00e0 chaque type de bo\u00eete de collection.\nNos Crystal Box offrent une solution pratique, l\u00e9g\u00e8re et protectrice, disponibles en 0,5 mm, 0,6 mm ou 0,7 mm selon l\u2019item.\nLeur profil fin facilite la prise en main et les rend id\u00e9ales aussi bien pour le stockage que pour l\u2019exposition, tout en assurant une protection solide pour les produits scell\u00e9s.<\/p>\n\t\t\t\t\t<\/div>\n\t\t\t\t\t\t<\/div>\n\t\t\t\t<\/div>\n\t\t\t\t\t<\/div>\n\t\t\t\t<\/div>\n\t\t<div class=\"wd-negative-gap elementor-element elementor-element-fc3d68e e-flex e-con-boxed e-con e-parent\" data-id=\"fc3d68e\" data-element_type=\"container\" data-e-type=\"container\">\n\t\t\t\t\t<div class=\"e-con-inner\">\n\t\t\t\t<div class=\"elementor-element elementor-element-63f25c7 elementor-widget__width-initial elementor-widget-mobile__width-inherit elementor-widget elementor-widget-wd_text_block\" data-id=\"63f25c7\" data-element_type=\"widget\" data-e-type=\"widget\" data-widget_type=\"wd_text_block.default\">\n\t\t\t\t<div class=\"elementor-widget-container\">\n\t\t\t\t\t\t\t<div class=\"wd-text-block reset-last-child text-left\">\n\t\t\t\n\t\t\t<p data-start=\"499\" data-end=\"781\">\u00a0<\/p><p style=\"text-align: left; padding-left: 40px;\" data-start=\"499\" data-end=\"781\"><strong data-start=\"499\" data-end=\"531\">Qualit\u00e9 \"Mus\u00e9e\" &amp; UV Shield<\/strong><\/p><p style=\"text-align: left; padding-left: 40px;\" data-start=\"499\" data-end=\"781\">Nous utilisons un PET de qualit\u00e9 \"mus\u00e9e\", sans acide et sans PVC, pour garantir la conservation \u00e0 long terme de vos bo\u00eetes de collection. Gr\u00e2ce \u00e0 notre technologie \"UV Shield\", qui bloque jusqu\u2019\u00e0 99 % des rayons UV nocifs, vos items conservent leurs couleurs et restent prot\u00e9g\u00e9s contre la d\u00e9coloration.<\/p><p style=\"text-align: left; padding-left: 40px;\" data-start=\"783\" data-end=\"934\"><strong data-start=\"783\" data-end=\"807\">Rev\u00eatement anti-rayures<\/strong><\/p><p style=\"text-align: left; padding-left: 40px;\" data-start=\"783\" data-end=\"934\">Un rev\u00eatement d\u00e9di\u00e9, r\u00e9sistant aux rayures, permet \u00e0 votre Crystal Box de rester claire et impeccable dans le temps, m\u00eame avec des manipulations r\u00e9guli\u00e8res.<\/p><p data-start=\"783\" data-end=\"934\">\u00a0<\/p>\n\t\t\t\t\t<\/div>\n\t\t\t\t\t\t<\/div>\n\t\t\t\t<\/div>\n\t\t\t\t<div class=\"elementor-element elementor-element-2617f17 elementor-widget__width-initial elementor-widget-mobile__width-inherit elementor-widget elementor-widget-wd_image_or_svg\" data-id=\"2617f17\" data-element_type=\"widget\" data-e-type=\"widget\" data-widget_type=\"wd_image_or_svg.default\">\n\t\t\t\t<div class=\"elementor-widget-container\">\n\t\t\t\t\t\n\t\t<div class=\"wd-image text-left\">\n\t\t\t\t\t\t\t\t<img loading=\"lazy\" decoding=\"async\" width=\"2560\" height=\"1455\" src=\"https:\/\/shop-mobo.com\/wp-content\/uploads\/2025\/09\/mobo-logo-uv-shield-angle-alt2-scaled.jpg\" class=\"attachment-full size-full\" alt=\"\" srcset=\"https:\/\/shop-mobo.com\/wp-content\/uploads\/2025\/09\/mobo-logo-uv-shield-angle-alt2-scaled.jpg 2560w, https:\/\/shop-mobo.com\/wp-content\/uploads\/2025\/09\/mobo-logo-uv-shield-angle-alt2-400x227.jpg 400w, https:\/\/shop-mobo.com\/wp-content\/uploads\/2025\/09\/mobo-logo-uv-shield-angle-alt2-1300x739.jpg 1300w, https:\/\/shop-mobo.com\/wp-content\/uploads\/2025\/09\/mobo-logo-uv-shield-angle-alt2-768x436.jpg 768w, https:\/\/shop-mobo.com\/wp-content\/uploads\/2025\/09\/mobo-logo-uv-shield-angle-alt2-1536x873.jpg 1536w, https:\/\/shop-mobo.com\/wp-content\/uploads\/2025\/09\/mobo-logo-uv-shield-angle-alt2-2048x1164.jpg 2048w, https:\/\/shop-mobo.com\/wp-content\/uploads\/2025\/09\/mobo-logo-uv-shield-angle-alt2-18x10.jpg 18w, https:\/\/shop-mobo.com\/wp-content\/uploads\/2025\/09\/mobo-logo-uv-shield-angle-alt2-600x341.jpg 600w, https:\/\/shop-mobo.com\/wp-content\/uploads\/2025\/09\/mobo-logo-uv-shield-angle-alt2-1200x682.jpg 1200w, https:\/\/shop-mobo.com\/wp-content\/uploads\/2025\/09\/mobo-logo-uv-shield-angle-alt2-148x84.jpg 148w\" sizes=\"auto, (max-width: 2560px) 100vw, 2560px\" title=\"\">\t\t\t\t\t<\/div>\n\n\t\t\t\t\t\t<\/div>\n\t\t\t\t<\/div>\n\t\t\t\t\t<\/div>\n\t\t\t\t<\/div>\n\t\t<div class=\"wd-negative-gap elementor-element elementor-element-cecb4fa e-flex e-con-boxed e-con e-parent\" data-id=\"cecb4fa\" data-element_type=\"container\" data-e-type=\"container\">\n\t\t\t\t\t<div class=\"e-con-inner\">\n\t\t\t\t<div class=\"elementor-element elementor-element-5633d54 elementor-widget__width-initial elementor-widget-mobile__width-inherit elementor-widget elementor-widget-wd_image_or_svg\" data-id=\"5633d54\" data-element_type=\"widget\" data-e-type=\"widget\" data-widget_type=\"wd_image_or_svg.default\">\n\t\t\t\t<div class=\"elementor-widget-container\">\n\t\t\t\t\t\n\t\t<div class=\"wd-image text-left\">\n\t\t\t\t\t\t\t\t<img loading=\"lazy\" decoding=\"async\" width=\"2560\" height=\"1440\" src=\"https:\/\/shop-mobo.com\/wp-content\/uploads\/2025\/09\/mobo-crystal-bos-protector-thickness-angle-alt-scaled.jpg\" class=\"attachment-full size-full\" alt=\"\" srcset=\"https:\/\/shop-mobo.com\/wp-content\/uploads\/2025\/09\/mobo-crystal-bos-protector-thickness-angle-alt-scaled.jpg 2560w, https:\/\/shop-mobo.com\/wp-content\/uploads\/2025\/09\/mobo-crystal-bos-protector-thickness-angle-alt-400x225.jpg 400w, https:\/\/shop-mobo.com\/wp-content\/uploads\/2025\/09\/mobo-crystal-bos-protector-thickness-angle-alt-1300x731.jpg 1300w, https:\/\/shop-mobo.com\/wp-content\/uploads\/2025\/09\/mobo-crystal-bos-protector-thickness-angle-alt-768x432.jpg 768w, https:\/\/shop-mobo.com\/wp-content\/uploads\/2025\/09\/mobo-crystal-bos-protector-thickness-angle-alt-1536x864.jpg 1536w, https:\/\/shop-mobo.com\/wp-content\/uploads\/2025\/09\/mobo-crystal-bos-protector-thickness-angle-alt-2048x1152.jpg 2048w, https:\/\/shop-mobo.com\/wp-content\/uploads\/2025\/09\/mobo-crystal-bos-protector-thickness-angle-alt-18x10.jpg 18w, https:\/\/shop-mobo.com\/wp-content\/uploads\/2025\/09\/mobo-crystal-bos-protector-thickness-angle-alt-600x338.jpg 600w, https:\/\/shop-mobo.com\/wp-content\/uploads\/2025\/09\/mobo-crystal-bos-protector-thickness-angle-alt-1200x675.jpg 1200w, https:\/\/shop-mobo.com\/wp-content\/uploads\/2025\/09\/mobo-crystal-bos-protector-thickness-angle-alt-148x83.jpg 148w\" sizes=\"auto, (max-width: 2560px) 100vw, 2560px\" title=\"\">\t\t\t\t\t<\/div>\n\n\t\t\t\t\t\t<\/div>\n\t\t\t\t<\/div>\n\t\t\t\t<div class=\"elementor-element elementor-element-8d85de2 elementor-widget__width-initial elementor-widget-mobile__width-inherit elementor-widget elementor-widget-wd_text_block\" data-id=\"8d85de2\" data-element_type=\"widget\" data-e-type=\"widget\" data-widget_type=\"wd_text_block.default\">\n\t\t\t\t<div class=\"elementor-widget-container\">\n\t\t\t\t\t\t\t<div class=\"wd-text-block reset-last-child text-left\">\n\t\t\t\n\t\t\t<p>\u00a0<\/p><p style=\"padding-left: 40px;\"><strong data-start=\"313\" data-end=\"330\">Montage facile<\/strong><\/p><p style=\"padding-left: 40px;\">Nos Crystal Box sont livr\u00e9es \u00e0 plat pour faciliter le transport et le stockage. Il suffit de les d\u00e9plier en quelques secondes \u2014 sans outils, sans effort \u2014 pour que votre protection soit pr\u00eate \u00e0 l\u2019emploi.<\/p><p style=\"padding-left: 40px;\"><strong data-start=\"1384\" data-end=\"1401\">Ajustement pr\u00e9cis<\/strong><\/p><p style=\"padding-left: 40px;\" data-pm-slice=\"1 1 []\">Chaque Crystal Box est con\u00e7ue pour offrir un ajustement id\u00e9al, adapt\u00e9 \u00e0 chaque item, sans mouvements ind\u00e9sirables ni points de pression, maintenant votre produit scell\u00e9 parfaitement en place.<\/p><p style=\"padding-left: 40px;\" data-start=\"328\" data-end=\"457\"><strong data-start=\"328\" data-end=\"353\">Transparence \"Crystal\"<\/strong><\/p><p style=\"padding-left: 40px;\" data-start=\"328\" data-end=\"457\">Le PET ultra-transparent met en valeur les couleurs, les d\u00e9tails et la pr\u00e9sentation globale de votre objet de collection.<\/p><p data-pm-slice=\"1 1 []\">\u00a0<\/p>\n\t\t\t\t\t<\/div>\n\t\t\t\t\t\t<\/div>\n\t\t\t\t<\/div>\n\t\t\t\t\t<\/div>\n\t\t\t\t<\/div>\n\t\t\t\t<\/div>","protected":false},"excerpt":{"rendered":"<p><strong>\u2013 0.6 mm PET \u2014 the thickest widely available crystal box for Build &amp; Battle Stadium protection on the market<\/strong><br data-start=\"543\" data-end=\"546\" \/><strong>\u2013 <strong>Protection UV jusqu\u2019\u00e0 99 %<\/strong> (UV Shield)<\/strong><br data-start=\"598\" data-end=\"601\" \/>\u2013 Ajustement pr\u00e9cis : <strong>Fit parfait<\/strong><br data-start=\"652\" data-end=\"655\" \/>\u2013 \"Museum grade\" : sans acide, sans PVC<br data-start=\"696\" data-end=\"699\" \/>\u2013 Rev\u00eatement anti-rayures<br data-start=\"730\" data-end=\"733\" \/>\u2013 Transparence \"crystal\" pour une mise en valeur optimale<\/p>\n<p><strong>The Ultimate Crystal Box Protector<\/strong><\/p>\n<p>* <i>Film protecteur \u00e0 retirer avant utilisation.<\/i>\u00a0<i>L\u2019article de d\u00e9monstration visible sur les photos n\u2019est pas inclus.<\/i><\/p>","protected":false},"featured_media":32245,"template":"","meta":[],"product_brand":[77],"product_cat":[104,90,75],"product_tag":[465,461,463,462,464],"class_list":{"0":"post-29079","1":"product","2":"type-product","3":"status-publish","4":"has-post-thumbnail","6":"product_brand-mobo","7":"product_cat-box-protectors","8":"product_cat-etb","9":"product_cat-pokemon","10":"product_tag-combats","11":"product_tag-ssc","12":"product_tag-stade","13":"product_tag-stade-strategies-et-combats","14":"product_tag-strategies","16":"first","17":"instock","18":"taxable","19":"shipping-taxable","20":"purchasable","21":"product-type-simple"},"tiered_pricing_type":"fixed","tiered_pricing_fixed_rules":[],"tiered_pricing_product_settings":{"layout":"default","base_unit_name":{"singular":null,"plural":null},"default_variation":null},"tiered_pricing_minimum_quantity":null,"tiered_pricing_roles_data":[],"tiered_pricing_percentage_rules":[],"_links":{"self":[{"href":"https:\/\/shop-mobo.com\/fr\/wp-json\/wp\/v2\/product\/29079","targetHints":{"allow":["GET"]}}],"collection":[{"href":"https:\/\/shop-mobo.com\/fr\/wp-json\/wp\/v2\/product"}],"about":[{"href":"https:\/\/shop-mobo.com\/fr\/wp-json\/wp\/v2\/types\/product"}],"version-history":[{"count":11,"href":"https:\/\/shop-mobo.com\/fr\/wp-json\/wp\/v2\/product\/29079\/revisions"}],"predecessor-version":[{"id":31389,"href":"https:\/\/shop-mobo.com\/fr\/wp-json\/wp\/v2\/product\/29079\/revisions\/31389"}],"wp:featuredmedia":[{"embeddable":true,"href":"https:\/\/shop-mobo.com\/fr\/wp-json\/wp\/v2\/media\/32245"}],"wp:attachment":[{"href":"https:\/\/shop-mobo.com\/fr\/wp-json\/wp\/v2\/media?parent=29079"}],"wp:term":[{"taxonomy":"product_brand","embeddable":true,"href":"https:\/\/shop-mobo.com\/fr\/wp-json\/wp\/v2\/product_brand?post=29079"},{"taxonomy":"product_cat","embeddable":true,"href":"https:\/\/shop-mobo.com\/fr\/wp-json\/wp\/v2\/product_cat?post=29079"},{"taxonomy":"product_tag","embeddable":true,"href":"https:\/\/shop-mobo.com\/fr\/wp-json\/wp\/v2\/product_tag?post=29079"}],"curies":[{"name":"wp","href":"https:\/\/api.w.org\/{rel}","templated":true}]}}