{"id":29274,"date":"2025-09-03T21:54:18","date_gmt":"2025-09-03T21:54:18","guid":{"rendered":"https:\/\/shop-mobo.com\/?post_type=product&#038;p=29274"},"modified":"2026-02-17T02:13:31","modified_gmt":"2026-02-17T00:13:31","slug":"clear-gloss-sleeves-clear-toploading","status":"publish","type":"product","link":"https:\/\/shop-mobo.com\/fr\/clear-gloss-sleeves-clear-toploading\/","title":{"rendered":"Clear Gloss Standard Card Sleeves by MOBO"},"content":{"rendered":"<div data-elementor-type=\"wp-post\" data-elementor-id=\"29274\" class=\"elementor elementor-29274\">\n\t\t\t\t<div class=\"wd-negative-gap elementor-element elementor-element-c2921bd e-flex e-con-boxed e-con e-parent\" data-id=\"c2921bd\" data-element_type=\"container\" data-e-type=\"container\">\n\t\t\t\t\t<div class=\"e-con-inner\">\n\t\t<div class=\"elementor-element elementor-element-5c1397d e-con-full e-flex e-con e-child\" data-id=\"5c1397d\" data-element_type=\"container\" data-e-type=\"container\">\n\t\t<div class=\"elementor-element elementor-element-6dc7dfe e-con-full e-flex e-con e-child\" data-id=\"6dc7dfe\" data-element_type=\"container\" data-e-type=\"container\">\n\t\t\t\t<div class=\"elementor-element elementor-element-55608ab elementor-widget elementor-widget-wd_image_or_svg\" data-id=\"55608ab\" data-element_type=\"widget\" data-e-type=\"widget\" data-widget_type=\"wd_image_or_svg.default\">\n\t\t\t\t<div class=\"elementor-widget-container\">\n\t\t\t\t\t\n\t\t<div class=\"wd-image text-left\">\n\t\t\t\t\t\t\t\t<img loading=\"lazy\" decoding=\"async\" width=\"2560\" height=\"1647\" src=\"https:\/\/shop-mobo.com\/wp-content\/uploads\/2025\/12\/mobo-card-binder-side-loading-pockets-mobo-card-demo-scaled.jpg\" class=\"attachment-full size-full\" alt=\"\" srcset=\"https:\/\/shop-mobo.com\/wp-content\/uploads\/2025\/12\/mobo-card-binder-side-loading-pockets-mobo-card-demo-scaled.jpg 2560w, https:\/\/shop-mobo.com\/wp-content\/uploads\/2025\/12\/mobo-card-binder-side-loading-pockets-mobo-card-demo-400x257.jpg 400w, https:\/\/shop-mobo.com\/wp-content\/uploads\/2025\/12\/mobo-card-binder-side-loading-pockets-mobo-card-demo-1244x800.jpg 1244w, https:\/\/shop-mobo.com\/wp-content\/uploads\/2025\/12\/mobo-card-binder-side-loading-pockets-mobo-card-demo-768x494.jpg 768w, https:\/\/shop-mobo.com\/wp-content\/uploads\/2025\/12\/mobo-card-binder-side-loading-pockets-mobo-card-demo-1536x988.jpg 1536w, https:\/\/shop-mobo.com\/wp-content\/uploads\/2025\/12\/mobo-card-binder-side-loading-pockets-mobo-card-demo-2048x1317.jpg 2048w, https:\/\/shop-mobo.com\/wp-content\/uploads\/2025\/12\/mobo-card-binder-side-loading-pockets-mobo-card-demo-18x12.jpg 18w, https:\/\/shop-mobo.com\/wp-content\/uploads\/2025\/12\/mobo-card-binder-side-loading-pockets-mobo-card-demo-600x386.jpg 600w, https:\/\/shop-mobo.com\/wp-content\/uploads\/2025\/12\/mobo-card-binder-side-loading-pockets-mobo-card-demo-1200x772.jpg 1200w, https:\/\/shop-mobo.com\/wp-content\/uploads\/2025\/12\/mobo-card-binder-side-loading-pockets-mobo-card-demo-148x95.jpg 148w\" sizes=\"auto, (max-width: 2560px) 100vw, 2560px\" title=\"\">\t\t\t\t\t<\/div>\n\n\t\t\t\t\t\t<\/div>\n\t\t\t\t<\/div>\n\t\t\t\t<\/div>\n\t\t<div class=\"elementor-element elementor-element-7e56676 e-con-full e-flex e-con e-child\" data-id=\"7e56676\" data-element_type=\"container\" data-e-type=\"container\">\n\t\t\t\t<div class=\"elementor-element elementor-element-aa7982e wd-width-100 elementor-widget elementor-widget-wd_title\" data-id=\"aa7982e\" data-element_type=\"widget\" data-e-type=\"widget\" data-widget_type=\"wd_title.default\">\n\t\t\t\t<div class=\"elementor-widget-container\">\n\t\t\t\t\t\t\t<div class=\"title-wrapper wd-set-mb reset-last-child wd-title-color-default wd-title-style-default wd-title-size-default text-left\">\n\n\t\t\t\n\t\t\t<div class=\"liner-continer\">\n\t\t\t\t<h4 class=\"woodmart-title-container title wd-fontsize-l\"><\/h4> \n\t\t\t\t\t\t\t<\/div>\n\n\t\t\t\t\t\t\t<div class=\"title-after_title reset-last-child wd-fontsize-xs\">\n\t\t\t\t\t<h3>Clear Gloss Standard Card Sleeves by MOBO\u200b<\/h3>\t\t\t\t<\/div>\n\t\t\t\t\t<\/div>\n\t\t\t\t\t\t<\/div>\n\t\t\t\t<\/div>\n\t\t\t\t<div class=\"elementor-element elementor-element-1eea479 elementor-widget elementor-widget-wd_text_block\" data-id=\"1eea479\" data-element_type=\"widget\" data-e-type=\"widget\" data-widget_type=\"wd_text_block.default\">\n\t\t\t\t<div class=\"elementor-widget-container\">\n\t\t\t\t\t\t\t<div class=\"wd-text-block reset-last-child text-left\">\n\t\t\t\n\t\t\t<p data-start=\"120\" data-end=\"409\">Durabilit\u00e9 exceptionnelle gr\u00e2ce \u00e0 un traitement de surface sp\u00e9cialis\u00e9, avec une transparence parfaite des deux c\u00f4t\u00e9s.<br data-start=\"232\" data-end=\"235\" \/>La sleeve int\u00e8gre un renfort lat\u00e9ral con\u00e7u pour r\u00e9sister aux d\u00e9chirures lors d\u2019utilisations r\u00e9p\u00e9t\u00e9es. Ses bords soud\u00e9s \u00e0 chaud garantissent une tenue impeccable : aucune d\u00e9formation, aucune ouverture.<\/p><p data-start=\"411\" data-end=\"590\"><strong>Avec une \u00e9paisseur r\u00e9elle de 100 \u03bcm, ces pochettes sont environ 2,5\u00d7 plus \u00e9paisses<\/strong> que les penny sleeves classiques, offrant une protection nettement sup\u00e9rieure contre l\u2019usure, les manipulations et les micro-rayures.<\/p>\n\t\t\t\t\t<\/div>\n\t\t\t\t\t\t<\/div>\n\t\t\t\t<\/div>\n\t\t\t\t<\/div>\n\t\t\t\t<\/div>\n\t\t<div class=\"elementor-element elementor-element-2f2bb7e e-con-full e-flex e-con e-child\" data-id=\"2f2bb7e\" data-element_type=\"container\" data-e-type=\"container\">\n\t\t<div class=\"elementor-element elementor-element-071c40d e-con-full e-flex e-con e-child\" data-id=\"071c40d\" data-element_type=\"container\" data-e-type=\"container\">\n\t\t\t\t<div class=\"elementor-element elementor-element-e2e68d9 wd-width-100 elementor-widget elementor-widget-wd_title\" data-id=\"e2e68d9\" data-element_type=\"widget\" data-e-type=\"widget\" data-widget_type=\"wd_title.default\">\n\t\t\t\t<div class=\"elementor-widget-container\">\n\t\t\t\t\t\t\t<div class=\"title-wrapper wd-set-mb reset-last-child wd-title-color-default wd-title-style-default wd-title-size-default text-left\">\n\n\t\t\t\n\t\t\t<div class=\"liner-continer\">\n\t\t\t\t<h4 class=\"woodmart-title-container title wd-fontsize-l\">Maximum Security<br \/>\n<\/h4> \n\t\t\t\t\t\t\t<\/div>\n\n\t\t\t\t\t<\/div>\n\t\t\t\t\t\t<\/div>\n\t\t\t\t<\/div>\n\t\t\t\t<div class=\"elementor-element elementor-element-d4a5586 elementor-widget elementor-widget-wd_text_block\" data-id=\"d4a5586\" data-element_type=\"widget\" data-e-type=\"widget\" data-widget_type=\"wd_text_block.default\">\n\t\t\t\t<div class=\"elementor-widget-container\">\n\t\t\t\t\t\t\t<div class=\"wd-text-block reset-last-child text-left\">\n\t\t\t\n\t\t\t<p data-start=\"342\" data-end=\"512\"><strong>Id\u00e9ales pour le double-sleeving avec les Perfect Fit Card Sleeves by MOBO<\/strong>: la superposition cr\u00e9e une barri\u00e8re rigide et durable contre la poussi\u00e8re, les frottements et les salissures.<br data-start=\"753\" data-end=\"756\" \/>Les films de haute qualit\u00e9 utilis\u00e9s assurent une sleeve solide, stable et durable dans le temps.<\/p>\n\t\t\t\t\t<\/div>\n\t\t\t\t\t\t<\/div>\n\t\t\t\t<\/div>\n\t\t\t\t<div class=\"elementor-element elementor-element-1206544 elementor-widget elementor-widget-wd_button\" data-id=\"1206544\" data-element_type=\"widget\" data-e-type=\"widget\" data-widget_type=\"wd_button.default\">\n\t\t\t\t<div class=\"elementor-widget-container\">\n\t\t\t\t\t\t\t<div class=\"wd-button-wrapper text-left\" >\n\t\t\t<a class=\"btn btn-style-default btn-shape-semi-round btn-size-default btn-color-primary btn-icon-pos-right\"  href=\"#\">\n\t\t\t\t<span class=\"wd-btn-text\" data-elementor-setting-key=\"text\">\n\t\t\t\t\tQuestions &amp; R\u00e9ponses\t\t\t\t<\/span>\n\n\t\t\t\t\t\t\t<\/a>\n\t\t<\/div>\n\t\t\t\t\t\t<\/div>\n\t\t\t\t<\/div>\n\t\t\t\t<\/div>\n\t\t<div class=\"elementor-element elementor-element-7b0c877 e-con-full e-flex e-con e-child\" data-id=\"7b0c877\" data-element_type=\"container\" data-e-type=\"container\">\n\t\t\t\t<div class=\"elementor-element elementor-element-918daff elementor-widget elementor-widget-wd_image_or_svg\" data-id=\"918daff\" data-element_type=\"widget\" data-e-type=\"widget\" data-widget_type=\"wd_image_or_svg.default\">\n\t\t\t\t<div class=\"elementor-widget-container\">\n\t\t\t\t\t\n\t\t<div class=\"wd-image text-left\">\n\t\t\t\t\t\t\t\t<img loading=\"lazy\" decoding=\"async\" width=\"2560\" height=\"1660\" src=\"https:\/\/shop-mobo.com\/wp-content\/uploads\/2025\/12\/mobo-card-binder-insert-protection-page-extra-layer-scaled.jpg\" class=\"attachment-full size-full\" alt=\"\" srcset=\"https:\/\/shop-mobo.com\/wp-content\/uploads\/2025\/12\/mobo-card-binder-insert-protection-page-extra-layer-scaled.jpg 2560w, https:\/\/shop-mobo.com\/wp-content\/uploads\/2025\/12\/mobo-card-binder-insert-protection-page-extra-layer-400x259.jpg 400w, https:\/\/shop-mobo.com\/wp-content\/uploads\/2025\/12\/mobo-card-binder-insert-protection-page-extra-layer-1233x800.jpg 1233w, https:\/\/shop-mobo.com\/wp-content\/uploads\/2025\/12\/mobo-card-binder-insert-protection-page-extra-layer-768x498.jpg 768w, https:\/\/shop-mobo.com\/wp-content\/uploads\/2025\/12\/mobo-card-binder-insert-protection-page-extra-layer-1536x996.jpg 1536w, https:\/\/shop-mobo.com\/wp-content\/uploads\/2025\/12\/mobo-card-binder-insert-protection-page-extra-layer-2048x1328.jpg 2048w, https:\/\/shop-mobo.com\/wp-content\/uploads\/2025\/12\/mobo-card-binder-insert-protection-page-extra-layer-18x12.jpg 18w, https:\/\/shop-mobo.com\/wp-content\/uploads\/2025\/12\/mobo-card-binder-insert-protection-page-extra-layer-600x389.jpg 600w, https:\/\/shop-mobo.com\/wp-content\/uploads\/2025\/12\/mobo-card-binder-insert-protection-page-extra-layer-1200x778.jpg 1200w, https:\/\/shop-mobo.com\/wp-content\/uploads\/2025\/12\/mobo-card-binder-insert-protection-page-extra-layer-148x96.jpg 148w\" sizes=\"auto, (max-width: 2560px) 100vw, 2560px\" title=\"\">\t\t\t\t\t<\/div>\n\n\t\t\t\t\t\t<\/div>\n\t\t\t\t<\/div>\n\t\t\t\t<\/div>\n\t\t\t\t<\/div>\n\t\t\t\t\t<\/div>\n\t\t\t\t<\/div>\n\t\t\t\t<\/div>","protected":false},"excerpt":{"rendered":"<p>\u2013 50 sleeves par pack<br \/>\n\u2013 \u00c9paisseur renforc\u00e9e (100 \u03bcm)<br \/>\n&#8211; Top-loading<br \/>\n\u2013 Clart\u00e9 exceptionnelle<br \/>\n\u2013 Qualit\u00e9 archive \u2013 Sans PVC \/ Sans acide<br \/>\n\u2013 Protection hautement r\u00e9sistante pour cartes au format standard<br \/>\n\u2013 Parfaites pour le double-sleeving avec les \u201cPerfect Fit Card Sleeves by MOBO\u201d<\/p>","protected":false},"featured_media":32260,"template":"","meta":[],"product_brand":[77],"product_cat":[76,101],"product_tag":[73],"class_list":{"0":"post-29274","1":"product","2":"type-product","3":"status-publish","4":"has-post-thumbnail","6":"product_brand-mobo","7":"product_cat-tcg-sleeves","8":"product_cat-tcg-card-protection","9":"product_tag-sleeves","11":"first","12":"instock","13":"taxable","14":"shipping-taxable","15":"purchasable","16":"product-type-simple"},"tiered_pricing_type":"fixed","tiered_pricing_fixed_rules":{"6":2.79,"12":2.49},"tiered_pricing_product_settings":{"layout":"default","base_unit_name":{"singular":null,"plural":null},"default_variation":null},"tiered_pricing_minimum_quantity":null,"tiered_pricing_roles_data":[],"tiered_pricing_percentage_rules":[],"_links":{"self":[{"href":"https:\/\/shop-mobo.com\/fr\/wp-json\/wp\/v2\/product\/29274","targetHints":{"allow":["GET"]}}],"collection":[{"href":"https:\/\/shop-mobo.com\/fr\/wp-json\/wp\/v2\/product"}],"about":[{"href":"https:\/\/shop-mobo.com\/fr\/wp-json\/wp\/v2\/types\/product"}],"version-history":[{"count":37,"href":"https:\/\/shop-mobo.com\/fr\/wp-json\/wp\/v2\/product\/29274\/revisions"}],"predecessor-version":[{"id":32262,"href":"https:\/\/shop-mobo.com\/fr\/wp-json\/wp\/v2\/product\/29274\/revisions\/32262"}],"wp:featuredmedia":[{"embeddable":true,"href":"https:\/\/shop-mobo.com\/fr\/wp-json\/wp\/v2\/media\/32260"}],"wp:attachment":[{"href":"https:\/\/shop-mobo.com\/fr\/wp-json\/wp\/v2\/media?parent=29274"}],"wp:term":[{"taxonomy":"product_brand","embeddable":true,"href":"https:\/\/shop-mobo.com\/fr\/wp-json\/wp\/v2\/product_brand?post=29274"},{"taxonomy":"product_cat","embeddable":true,"href":"https:\/\/shop-mobo.com\/fr\/wp-json\/wp\/v2\/product_cat?post=29274"},{"taxonomy":"product_tag","embeddable":true,"href":"https:\/\/shop-mobo.com\/fr\/wp-json\/wp\/v2\/product_tag?post=29274"}],"curies":[{"name":"wp","href":"https:\/\/api.w.org\/{rel}","templated":true}]}}