{"id":29667,"date":"2025-09-09T22:28:19","date_gmt":"2025-09-09T22:28:19","guid":{"rendered":"https:\/\/shop-mobo.com\/?post_type=product&#038;p=29667"},"modified":"2026-02-17T02:23:35","modified_gmt":"2026-02-17T00:23:35","slug":"card-armor","status":"publish","type":"product","link":"https:\/\/shop-mobo.com\/fr\/card-armor\/","title":{"rendered":"Card Armor &#8211; The Toploader by MOBO"},"content":{"rendered":"<div data-elementor-type=\"wp-post\" data-elementor-id=\"29667\" class=\"elementor elementor-29667\">\n\t\t\t\t<div class=\"wd-negative-gap elementor-element elementor-element-106c67a e-flex e-con-boxed e-con e-parent\" data-id=\"106c67a\" data-element_type=\"container\" data-e-type=\"container\">\n\t\t\t\t\t<div class=\"e-con-inner\">\n\t\t<div class=\"elementor-element elementor-element-a3f7012 e-con-full e-flex e-con e-child\" data-id=\"a3f7012\" data-element_type=\"container\" data-e-type=\"container\">\n\t\t<div class=\"elementor-element elementor-element-3946537 e-con-full e-flex e-con e-child\" data-id=\"3946537\" data-element_type=\"container\" data-e-type=\"container\">\n\t\t\t\t<div class=\"elementor-element elementor-element-2638f97 wd-width-100 elementor-widget elementor-widget-wd_images_gallery\" data-id=\"2638f97\" data-element_type=\"widget\" data-e-type=\"widget\" data-widget_type=\"wd_images_gallery.default\">\n\t\t\t\t<div class=\"elementor-widget-container\">\n\t\t\t\t\t\t\t<div class=\"wd-images-gallery\" style=\"--wd-align-items:center; --wd-justify-content:center;\">\n\t\t\t\t\t\t<div class=\"wd-grid-g\" style=\"--wd-col-lg:2;--wd-col-md:2;--wd-col-sm:2;--wd-gap-lg:20px;--wd-gap-sm:10px;\" >\n\t\t\t\t\t\t\t\t\t\t\t\t\t\t\t\t\t\t<div class=\"wd-gallery-item wd-col\">\n\t\t\t\t\t\t\n\t\t\t\t\t\t<img loading=\"lazy\" decoding=\"async\" width=\"1024\" height=\"1536\" src=\"https:\/\/shop-mobo.com\/wp-content\/uploads\/2025\/11\/mobo-card-armor-protective-toploader-back.png\" class=\"attachment-full size-full\" alt=\"mobo-card-armor-protective-toploader-back\" srcset=\"https:\/\/shop-mobo.com\/wp-content\/uploads\/2025\/11\/mobo-card-armor-protective-toploader-back.png 1024w, https:\/\/shop-mobo.com\/wp-content\/uploads\/2025\/11\/mobo-card-armor-protective-toploader-back-200x300.png 200w, https:\/\/shop-mobo.com\/wp-content\/uploads\/2025\/11\/mobo-card-armor-protective-toploader-back-533x800.png 533w, https:\/\/shop-mobo.com\/wp-content\/uploads\/2025\/11\/mobo-card-armor-protective-toploader-back-768x1152.png 768w, https:\/\/shop-mobo.com\/wp-content\/uploads\/2025\/11\/mobo-card-armor-protective-toploader-back-8x12.png 8w, https:\/\/shop-mobo.com\/wp-content\/uploads\/2025\/11\/mobo-card-armor-protective-toploader-back-600x900.png 600w, https:\/\/shop-mobo.com\/wp-content\/uploads\/2025\/11\/mobo-card-armor-protective-toploader-back-148x222.png 148w\" sizes=\"auto, (max-width: 1024px) 100vw, 1024px\" title=\"\">\n\t\t\t\t\t\t\t\t\t\t\t<\/div>\n\t\t\t\t\t\t\t\t\t\t\t\t\t\t\t<div class=\"wd-gallery-item wd-col\">\n\t\t\t\t\t\t\n\t\t\t\t\t\t<img loading=\"lazy\" decoding=\"async\" width=\"1024\" height=\"1536\" src=\"https:\/\/shop-mobo.com\/wp-content\/uploads\/2025\/11\/mobo-card-armor-protective-toploader-front-alt.png\" class=\"attachment-full size-full\" alt=\"mobo-card-armor-protective-toploader-front-alt\" srcset=\"https:\/\/shop-mobo.com\/wp-content\/uploads\/2025\/11\/mobo-card-armor-protective-toploader-front-alt.png 1024w, https:\/\/shop-mobo.com\/wp-content\/uploads\/2025\/11\/mobo-card-armor-protective-toploader-front-alt-200x300.png 200w, https:\/\/shop-mobo.com\/wp-content\/uploads\/2025\/11\/mobo-card-armor-protective-toploader-front-alt-533x800.png 533w, https:\/\/shop-mobo.com\/wp-content\/uploads\/2025\/11\/mobo-card-armor-protective-toploader-front-alt-768x1152.png 768w, https:\/\/shop-mobo.com\/wp-content\/uploads\/2025\/11\/mobo-card-armor-protective-toploader-front-alt-8x12.png 8w, https:\/\/shop-mobo.com\/wp-content\/uploads\/2025\/11\/mobo-card-armor-protective-toploader-front-alt-600x900.png 600w, https:\/\/shop-mobo.com\/wp-content\/uploads\/2025\/11\/mobo-card-armor-protective-toploader-front-alt-148x222.png 148w\" sizes=\"auto, (max-width: 1024px) 100vw, 1024px\" title=\"\">\n\t\t\t\t\t\t\t\t\t\t\t<\/div>\n\t\t\t\t\t\t\t\t\t\t\t\t\t<\/div>\n\t\t\t\t\t<\/div>\n\t\t\t\t\t\t<\/div>\n\t\t\t\t<\/div>\n\t\t\t\t<\/div>\n\t\t<div class=\"elementor-element elementor-element-3d3fea4 e-con-full e-flex e-con e-child\" data-id=\"3d3fea4\" data-element_type=\"container\" data-e-type=\"container\">\n\t\t\t\t<div class=\"elementor-element elementor-element-b879a91 elementor-widget elementor-widget-wd_text_block\" data-id=\"b879a91\" data-element_type=\"widget\" data-e-type=\"widget\" data-widget_type=\"wd_text_block.default\">\n\t\t\t\t<div class=\"elementor-widget-container\">\n\t\t\t\t\t\t\t<div class=\"wd-text-block reset-last-child text-left\">\n\t\t\t\n\t\t\t<h2 style=\"margin-bottom: 20px; padding-left: 40px; font-style: normal; font-variant-ligatures: normal; font-variant-caps: normal; font-weight: 600; font-family: hkgroteskpro, Arial, Helvetica, sans-serif; color: #242424; text-transform: none;\">\u00a0<em style=\"font-family: hkgroteskpro, Arial, Helvetica, sans-serif; font-size: 22px; font-variant-ligatures: normal; font-variant-caps: normal; font-weight: 600;\">Card Armor By MOBO<\/em><\/h2><p style=\"margin-bottom: 0px; padding-left: 40px; font-style: normal; font-variant-ligatures: normal; font-variant-caps: normal; font-weight: 400; font-family: Jost, Arial, Helvetica, sans-serif; font-size: 14px;\"><strong style=\"font-size: 14px;\" data-start=\"411\" data-end=\"473\">Plus qu\u2019un toploader standard. Le Card Armor by MOBO.<\/strong><\/p><p style=\"margin-bottom: 0px; padding-left: 40px; font-style: normal; font-variant-ligatures: normal; font-variant-caps: normal; font-family: Jost, Arial, Helvetica, sans-serif; font-size: 14px;\"><span style=\"font-weight: 400; font-family: Jost, Arial, Helvetica, sans-serif; font-size: 14px; font-style: normal; font-variant-ligatures: normal; font-variant-caps: normal;\">Ils incarnent la nouvelle g\u00e9n\u00e9ration de protections pour cartes, <\/span><span style=\"font-family: Jost, Arial, Helvetica, sans-serif; font-size: 14px; font-style: normal; font-variant-ligatures: normal; font-variant-caps: normal;\"><b>avec une protection compl\u00e8te 720\u00b0,<\/b><\/span><span style=\"font-family: Jost, Arial, Helvetica, sans-serif; font-size: 14px; font-style: normal; font-variant-ligatures: normal; font-variant-caps: normal;\"><b> un rabat refermable, <\/b>et une stabilit\u00e9 accrue pour une manipulation, un stockage et une pr\u00e9sentation s\u00e9curis\u00e9s. <\/span><\/p><p>\u00a0<\/p><p style=\"margin-bottom: 0px; padding-left: 40px; font-style: normal; font-variant-ligatures: normal; font-variant-caps: normal; font-family: Jost, Arial, Helvetica, sans-serif; font-size: 14px;\"><span style=\"font-size: 14px;\">Con\u00e7us pour les collectionneurs, les Card Armor offrent une protection int\u00e9grale, une manipulation fluide et une finition premium.<\/span><\/p>\n\t\t\t\t\t<\/div>\n\t\t\t\t\t\t<\/div>\n\t\t\t\t<\/div>\n\t\t\t\t<\/div>\n\t\t\t\t<\/div>\n\t\t<div class=\"elementor-element elementor-element-06e8823 e-con-full e-flex e-con e-child\" data-id=\"06e8823\" data-element_type=\"container\" data-e-type=\"container\">\n\t\t<div class=\"elementor-element elementor-element-0676e97 e-con-full e-flex e-con e-child\" data-id=\"0676e97\" data-element_type=\"container\" data-e-type=\"container\">\n\t\t\t\t<div class=\"elementor-element elementor-element-82c109a elementor-widget elementor-widget-wd_text_block\" data-id=\"82c109a\" data-element_type=\"widget\" data-e-type=\"widget\" data-widget_type=\"wd_text_block.default\">\n\t\t\t\t<div class=\"elementor-widget-container\">\n\t\t\t\t\t\t\t<div class=\"wd-text-block reset-last-child text-left\">\n\t\t\t\n\t\t\t<p data-start=\"783\" data-end=\"934\">\u00a0<\/p><p style=\"text-align: left; padding-left: 40px;\" data-start=\"783\" data-end=\"934\"><strong data-start=\"783\" data-end=\"807\">Protection 720\u00b0<\/strong><\/p><p style=\"text-align: left; padding-left: 40px;\" data-start=\"783\" data-end=\"934\">Une conception enti\u00e8rement enveloppante qui prot\u00e8ge la carte sur toutes ses faces, y compris les zones habituellement expos\u00e9es avec les toploaders standards.<\/p><p style=\"margin-bottom: 20px; padding-left: 40px; font-style: normal; font-variant-ligatures: normal; font-variant-caps: normal; font-weight: 400; font-family: Jost, Arial, Helvetica, sans-serif; font-size: 14px;\" data-start=\"783\" data-end=\"934\"><span style=\"font-weight: 600; font-size: 14px;\" data-start=\"783\" data-end=\"807\">Transparence ultra-claire<\/span><\/p><p style=\"margin-bottom: 20px; padding-left: 40px; font-style: normal; font-variant-ligatures: normal; font-variant-caps: normal; font-weight: 400; font-family: Jost, Arial, Helvetica, sans-serif; font-size: 14px;\" data-start=\"783\" data-end=\"934\">Des mat\u00e9riaux ultra-transparents qui subliment les couleurs et le design de la carte, sans alt\u00e9ration visuelle.<\/p><div>\u00a0<\/div><p style=\"text-align: left; padding-left: 40px;\" data-start=\"783\" data-end=\"934\"><strong data-start=\"783\" data-end=\"807\">Rabat refermable<\/strong><\/p><p style=\"text-align: left; padding-left: 40px;\" data-start=\"783\" data-end=\"934\">Ouvrez et refermez le Card Armor plusieurs fois sans perte de forme ni de protection.<\/p>\n\t\t\t\t\t<\/div>\n\t\t\t\t\t\t<\/div>\n\t\t\t\t<\/div>\n\t\t\t\t<\/div>\n\t\t<div class=\"elementor-element elementor-element-69573a6 e-con-full e-flex e-con e-child\" data-id=\"69573a6\" data-element_type=\"container\" data-e-type=\"container\">\n\t\t\t\t<div class=\"elementor-element elementor-element-7a0e0f9 elementor-widget elementor-widget-wd_image_or_svg\" data-id=\"7a0e0f9\" data-element_type=\"widget\" data-e-type=\"widget\" data-widget_type=\"wd_image_or_svg.default\">\n\t\t\t\t<div class=\"elementor-widget-container\">\n\t\t\t\t\t\n\t\t<div class=\"wd-image text-left\">\n\t\t\t\t\t\t\t\t<img loading=\"lazy\" decoding=\"async\" width=\"1500\" height=\"1200\" src=\"https:\/\/shop-mobo.com\/wp-content\/uploads\/2025\/09\/mobo-card-armor-protective-toploader-demo-resealable.jpg\" class=\"attachment-full size-full\" alt=\"\" srcset=\"https:\/\/shop-mobo.com\/wp-content\/uploads\/2025\/09\/mobo-card-armor-protective-toploader-demo-resealable.jpg 1500w, https:\/\/shop-mobo.com\/wp-content\/uploads\/2025\/09\/mobo-card-armor-protective-toploader-demo-resealable-375x300.jpg 375w, https:\/\/shop-mobo.com\/wp-content\/uploads\/2025\/09\/mobo-card-armor-protective-toploader-demo-resealable-1000x800.jpg 1000w, https:\/\/shop-mobo.com\/wp-content\/uploads\/2025\/09\/mobo-card-armor-protective-toploader-demo-resealable-768x614.jpg 768w, https:\/\/shop-mobo.com\/wp-content\/uploads\/2025\/09\/mobo-card-armor-protective-toploader-demo-resealable-15x12.jpg 15w, https:\/\/shop-mobo.com\/wp-content\/uploads\/2025\/09\/mobo-card-armor-protective-toploader-demo-resealable-600x480.jpg 600w, https:\/\/shop-mobo.com\/wp-content\/uploads\/2025\/09\/mobo-card-armor-protective-toploader-demo-resealable-1200x960.jpg 1200w, https:\/\/shop-mobo.com\/wp-content\/uploads\/2025\/09\/mobo-card-armor-protective-toploader-demo-resealable-148x118.jpg 148w\" sizes=\"auto, (max-width: 1500px) 100vw, 1500px\" title=\"\">\t\t\t\t\t<\/div>\n\n\t\t\t\t\t\t<\/div>\n\t\t\t\t<\/div>\n\t\t\t\t<\/div>\n\t\t\t\t<\/div>\n\t\t<div class=\"elementor-element elementor-element-fa05c20 e-con-full e-flex e-con e-child\" data-id=\"fa05c20\" data-element_type=\"container\" data-e-type=\"container\">\n\t\t<div class=\"elementor-element elementor-element-e3d8e9b e-con-full e-flex e-con e-child\" data-id=\"e3d8e9b\" data-element_type=\"container\" data-e-type=\"container\">\n\t\t\t\t<div class=\"elementor-element elementor-element-c49ec5d elementor-widget elementor-widget-wd_image_or_svg\" data-id=\"c49ec5d\" data-element_type=\"widget\" data-e-type=\"widget\" data-widget_type=\"wd_image_or_svg.default\">\n\t\t\t\t<div class=\"elementor-widget-container\">\n\t\t\t\t\t\n\t\t<div class=\"wd-image text-left\">\n\t\t\t\t\t\t\t\t<img loading=\"lazy\" decoding=\"async\" width=\"1500\" height=\"1200\" src=\"https:\/\/shop-mobo.com\/wp-content\/uploads\/2025\/09\/mobo-card-armor-protective-toploader-demo-back.jpg\" class=\"attachment-full size-full\" alt=\"\" srcset=\"https:\/\/shop-mobo.com\/wp-content\/uploads\/2025\/09\/mobo-card-armor-protective-toploader-demo-back.jpg 1500w, https:\/\/shop-mobo.com\/wp-content\/uploads\/2025\/09\/mobo-card-armor-protective-toploader-demo-back-375x300.jpg 375w, https:\/\/shop-mobo.com\/wp-content\/uploads\/2025\/09\/mobo-card-armor-protective-toploader-demo-back-1000x800.jpg 1000w, https:\/\/shop-mobo.com\/wp-content\/uploads\/2025\/09\/mobo-card-armor-protective-toploader-demo-back-768x614.jpg 768w, https:\/\/shop-mobo.com\/wp-content\/uploads\/2025\/09\/mobo-card-armor-protective-toploader-demo-back-15x12.jpg 15w, https:\/\/shop-mobo.com\/wp-content\/uploads\/2025\/09\/mobo-card-armor-protective-toploader-demo-back-600x480.jpg 600w, https:\/\/shop-mobo.com\/wp-content\/uploads\/2025\/09\/mobo-card-armor-protective-toploader-demo-back-1200x960.jpg 1200w, https:\/\/shop-mobo.com\/wp-content\/uploads\/2025\/09\/mobo-card-armor-protective-toploader-demo-back-148x118.jpg 148w\" sizes=\"auto, (max-width: 1500px) 100vw, 1500px\" title=\"\">\t\t\t\t\t<\/div>\n\n\t\t\t\t\t\t<\/div>\n\t\t\t\t<\/div>\n\t\t\t\t<\/div>\n\t\t<div class=\"elementor-element elementor-element-10de48f e-con-full e-flex e-con e-child\" data-id=\"10de48f\" data-element_type=\"container\" data-e-type=\"container\">\n\t\t\t\t<div class=\"elementor-element elementor-element-237f652 elementor-widget elementor-widget-wd_text_block\" data-id=\"237f652\" data-element_type=\"widget\" data-e-type=\"widget\" data-widget_type=\"wd_text_block.default\">\n\t\t\t\t<div class=\"elementor-widget-container\">\n\t\t\t\t\t\t\t<div class=\"wd-text-block reset-last-child text-left\">\n\t\t\t\n\t\t\t<p data-start=\"783\" data-end=\"934\">\u00a0<\/p><p style=\"padding-left: 40px;\" data-start=\"783\" data-end=\"934\"><strong data-start=\"783\" data-end=\"807\">Insertion et retrait fluides<\/strong><\/p><p style=\"padding-left: 40px;\" data-start=\"783\" data-end=\"934\">Con\u00e7u pour r\u00e9duire les frottements et limiter les risques d\u2019endommagement des coins ou de la surface de la carte.<\/p><p style=\"text-align: left; padding-left: 40px;\" data-start=\"783\" data-end=\"934\"><strong data-start=\"783\" data-end=\"807\">Top-loading design\u00a0<\/strong><\/p><p style=\"text-align: left; padding-left: 40px;\" data-start=\"783\" data-end=\"934\">Un format familier, optimis\u00e9 pour une meilleure stabilit\u00e9 et un ajustement plus pr\u00e9cis.<\/p><p style=\"text-align: left; padding-left: 40px;\" data-start=\"783\" data-end=\"934\"><strong data-start=\"783\" data-end=\"807\">Mat\u00e9riaux \"archival-safe\"<\/strong><\/p><p style=\"text-align: left; padding-left: 40px;\" data-start=\"783\" data-end=\"934\">Conception sans PVC et sans acide, adapt\u00e9e \u00e0 la conservation longue dur\u00e9e des cartes.<\/p>\n\t\t\t\t\t<\/div>\n\t\t\t\t\t\t<\/div>\n\t\t\t\t<\/div>\n\t\t\t\t<\/div>\n\t\t\t\t<\/div>\n\t\t\t\t\t<\/div>\n\t\t\t\t<\/div>\n\t\t\t\t<\/div>","protected":false},"excerpt":{"rendered":"<p>\u2013 25 Card Armors per pack<br \/>\n<strong>&#8211; 720\u00b0 protection<\/strong><br \/>\n<strong>\u2013 Rabat refermable r\u00e9utilisable<\/strong><br \/>\n\u2013 Insertion et retrait facilit\u00e9s, limitant les risques de dommages<br \/>\n\u2013 Top-loading<br \/>\n\u2013 Qualit\u00e9 archive \u2013 Sans PVC \/ Sans acide<br \/>\n\u2013 Ideal protection for standard size card up to 35-point<br \/>\n<strong>\u2013 Parfait pour une utilisation avec les \u201cGlossy Standard Card Sleeves by MOBO\u201d<\/strong><\/p>\n<p>La nouvelle g\u00e9n\u00e9ration de Toploader<\/p>","protected":false},"featured_media":32265,"template":"","meta":[],"product_brand":[77],"product_cat":[101,103],"product_tag":[],"class_list":{"0":"post-29667","1":"product","2":"type-product","3":"status-publish","4":"has-post-thumbnail","6":"product_brand-mobo","7":"product_cat-tcg-card-protection","8":"product_cat-toploaders","10":"first","11":"instock","12":"taxable","13":"shipping-taxable","14":"purchasable","15":"product-type-simple"},"tiered_pricing_type":"fixed","tiered_pricing_fixed_rules":{"6":3.99},"tiered_pricing_product_settings":{"layout":"default","base_unit_name":{"singular":null,"plural":null},"default_variation":null},"tiered_pricing_minimum_quantity":null,"tiered_pricing_roles_data":[],"tiered_pricing_percentage_rules":[],"_links":{"self":[{"href":"https:\/\/shop-mobo.com\/fr\/wp-json\/wp\/v2\/product\/29667","targetHints":{"allow":["GET"]}}],"collection":[{"href":"https:\/\/shop-mobo.com\/fr\/wp-json\/wp\/v2\/product"}],"about":[{"href":"https:\/\/shop-mobo.com\/fr\/wp-json\/wp\/v2\/types\/product"}],"version-history":[{"count":47,"href":"https:\/\/shop-mobo.com\/fr\/wp-json\/wp\/v2\/product\/29667\/revisions"}],"predecessor-version":[{"id":32267,"href":"https:\/\/shop-mobo.com\/fr\/wp-json\/wp\/v2\/product\/29667\/revisions\/32267"}],"wp:featuredmedia":[{"embeddable":true,"href":"https:\/\/shop-mobo.com\/fr\/wp-json\/wp\/v2\/media\/32265"}],"wp:attachment":[{"href":"https:\/\/shop-mobo.com\/fr\/wp-json\/wp\/v2\/media?parent=29667"}],"wp:term":[{"taxonomy":"product_brand","embeddable":true,"href":"https:\/\/shop-mobo.com\/fr\/wp-json\/wp\/v2\/product_brand?post=29667"},{"taxonomy":"product_cat","embeddable":true,"href":"https:\/\/shop-mobo.com\/fr\/wp-json\/wp\/v2\/product_cat?post=29667"},{"taxonomy":"product_tag","embeddable":true,"href":"https:\/\/shop-mobo.com\/fr\/wp-json\/wp\/v2\/product_tag?post=29667"}],"curies":[{"name":"wp","href":"https:\/\/api.w.org\/{rel}","templated":true}]}}