{"id":29721,"date":"2025-09-11T23:07:42","date_gmt":"2025-09-11T23:07:42","guid":{"rendered":"https:\/\/shop-mobo.com\/?post_type=product&#038;p=29721"},"modified":"2026-01-20T20:41:36","modified_gmt":"2026-01-20T18:41:36","slug":"strap-binder-12-pocket","status":"publish","type":"product","link":"https:\/\/shop-mobo.com\/fr\/strap-binder-12-pocket\/","title":{"rendered":"Strap Binder 12-Pocket"},"content":{"rendered":"<div data-elementor-type=\"wp-post\" data-elementor-id=\"29721\" class=\"elementor elementor-29721\">\n\t\t\t\t<div class=\"wd-negative-gap elementor-element elementor-element-106c67a e-flex e-con-boxed e-con e-parent\" data-id=\"106c67a\" data-element_type=\"container\" data-e-type=\"container\">\n\t\t\t\t\t<div class=\"e-con-inner\">\n\t\t<div class=\"elementor-element elementor-element-a3f7012 e-con-full e-flex e-con e-child\" data-id=\"a3f7012\" data-element_type=\"container\" data-e-type=\"container\">\n\t\t<div class=\"elementor-element elementor-element-3946537 e-con-full e-flex e-con e-child\" data-id=\"3946537\" data-element_type=\"container\" data-e-type=\"container\">\n\t\t\t\t<div class=\"elementor-element elementor-element-d316a75 elementor-widget elementor-widget-wd_image_or_svg\" data-id=\"d316a75\" data-element_type=\"widget\" data-e-type=\"widget\" data-widget_type=\"wd_image_or_svg.default\">\n\t\t\t\t<div class=\"elementor-widget-container\">\n\t\t\t\t\t\n\t\t<div class=\"wd-image text-left\">\n\t\t\t\t\t\t\t\t<img loading=\"lazy\" decoding=\"async\" width=\"2560\" height=\"1647\" src=\"https:\/\/shop-mobo.com\/wp-content\/uploads\/2025\/12\/mobo-card-binder-side-loading-pockets-mobo-card-demo-scaled.jpg\" class=\"attachment-full size-full\" alt=\"\" srcset=\"https:\/\/shop-mobo.com\/wp-content\/uploads\/2025\/12\/mobo-card-binder-side-loading-pockets-mobo-card-demo-scaled.jpg 2560w, https:\/\/shop-mobo.com\/wp-content\/uploads\/2025\/12\/mobo-card-binder-side-loading-pockets-mobo-card-demo-400x257.jpg 400w, https:\/\/shop-mobo.com\/wp-content\/uploads\/2025\/12\/mobo-card-binder-side-loading-pockets-mobo-card-demo-1244x800.jpg 1244w, https:\/\/shop-mobo.com\/wp-content\/uploads\/2025\/12\/mobo-card-binder-side-loading-pockets-mobo-card-demo-768x494.jpg 768w, https:\/\/shop-mobo.com\/wp-content\/uploads\/2025\/12\/mobo-card-binder-side-loading-pockets-mobo-card-demo-1536x988.jpg 1536w, https:\/\/shop-mobo.com\/wp-content\/uploads\/2025\/12\/mobo-card-binder-side-loading-pockets-mobo-card-demo-2048x1317.jpg 2048w, https:\/\/shop-mobo.com\/wp-content\/uploads\/2025\/12\/mobo-card-binder-side-loading-pockets-mobo-card-demo-18x12.jpg 18w, https:\/\/shop-mobo.com\/wp-content\/uploads\/2025\/12\/mobo-card-binder-side-loading-pockets-mobo-card-demo-600x386.jpg 600w, https:\/\/shop-mobo.com\/wp-content\/uploads\/2025\/12\/mobo-card-binder-side-loading-pockets-mobo-card-demo-1200x772.jpg 1200w, https:\/\/shop-mobo.com\/wp-content\/uploads\/2025\/12\/mobo-card-binder-side-loading-pockets-mobo-card-demo-148x95.jpg 148w\" sizes=\"auto, (max-width: 2560px) 100vw, 2560px\" title=\"\">\t\t\t\t\t<\/div>\n\n\t\t\t\t\t\t<\/div>\n\t\t\t\t<\/div>\n\t\t\t\t<\/div>\n\t\t<div class=\"elementor-element elementor-element-3d3fea4 e-con-full e-flex e-con e-child\" data-id=\"3d3fea4\" data-element_type=\"container\" data-e-type=\"container\">\n\t\t\t\t<div class=\"elementor-element elementor-element-0d9e262 wd-width-100 elementor-widget elementor-widget-wd_title\" data-id=\"0d9e262\" data-element_type=\"widget\" data-e-type=\"widget\" data-widget_type=\"wd_title.default\">\n\t\t\t\t<div class=\"elementor-widget-container\">\n\t\t\t\t\t\t\t<div class=\"title-wrapper wd-set-mb reset-last-child wd-title-color-default wd-title-style-default wd-title-size-default text-left\">\n\n\t\t\t\n\t\t\t<div class=\"liner-continer\">\n\t\t\t\t<h4 class=\"woodmart-title-container title wd-fontsize-l\">Premium Protection<\/h4> \n\t\t\t\t\t\t\t<\/div>\n\n\t\t\t\t\t<\/div>\n\t\t\t\t\t\t<\/div>\n\t\t\t\t<\/div>\n\t\t\t\t<div class=\"elementor-element elementor-element-b879a91 elementor-widget elementor-widget-wd_text_block\" data-id=\"b879a91\" data-element_type=\"widget\" data-e-type=\"widget\" data-widget_type=\"wd_text_block.default\">\n\t\t\t\t<div class=\"elementor-widget-container\">\n\t\t\t\t\t\t\t<div class=\"wd-text-block reset-last-child text-left\">\n\t\t\t\n\t\t\t<p>Reinforced, acid-free, and PVC-free pages keep your cards safe over time. Side-loading pockets lock cards in place and shield them from scratches, dust, and damage.<\/p>\n\t\t\t\t\t<\/div>\n\t\t\t\t\t\t<\/div>\n\t\t\t\t<\/div>\n\t\t<div class=\"elementor-element elementor-element-2172dd2 e-con-full e-flex e-con e-child\" data-id=\"2172dd2\" data-element_type=\"container\" data-e-type=\"container\">\n\t\t\t\t<div class=\"elementor-element elementor-element-4b9cbba elementor-widget__width-initial elementor-widget elementor-widget-wd_list\" data-id=\"4b9cbba\" data-element_type=\"widget\" data-e-type=\"widget\" data-widget_type=\"wd_list.default\">\n\t\t\t\t<div class=\"elementor-widget-container\">\n\t\t\t\t\t\t\t<ul class=\"wd-list color-scheme-custom wd-fontsize-s wd-type-icon wd-style-default text-left\">\n\t\t\t\t\t\t\t\t\t\t\t<li class=\"elementor-repeater-item-5d51f7b\">\n\t\t\t\t\t\t\t\t\t\t\t<span class=\"wd-icon\"><svg class=\"e-font-icon-svg e-fas-star\" viewbox=\"0 0 576 512\" xmlns=\"http:\/\/www.w3.org\/2000\/svg\"><path d=\"M259.3 17.8L194 150.2 47.9 171.5c-26.2 3.8-36.7 36.1-17.7 54.6l105.7 103-25 145.5c-4.5 26.3 23.2 46 46.4 33.7L288 439.6l130.7 68.7c23.2 12.2 50.9-7.4 46.4-33.7l-25-145.5 105.7-103c19-18.5 8.5-50.8-17.7-54.6L382 150.2 316.7 17.8c-11.7-23.6-45.6-23.9-57.4 0z\"><\/path><\/svg><\/span>\t\t\t\t\t\n\t\t\t\t\t<span class=\"wd-list-content list-content\">\n\t\t\t\t\t\t\t\t\t\t\t\t\t12-pocket pages\t\t\t\t\t\t\t\t\t\t\t<\/span>\n\t\t\t\t<\/li>\n\t\t\t\t\t\t\t\t\t\t\t<li class=\"elementor-repeater-item-07957e8\">\n\t\t\t\t\t\t\t\t\t\t\t<span class=\"wd-icon\"><svg class=\"e-font-icon-svg e-fas-star\" viewbox=\"0 0 576 512\" xmlns=\"http:\/\/www.w3.org\/2000\/svg\"><path d=\"M259.3 17.8L194 150.2 47.9 171.5c-26.2 3.8-36.7 36.1-17.7 54.6l105.7 103-25 145.5c-4.5 26.3 23.2 46 46.4 33.7L288 439.6l130.7 68.7c23.2 12.2 50.9-7.4 46.4-33.7l-25-145.5 105.7-103c19-18.5 8.5-50.8-17.7-54.6L382 150.2 316.7 17.8c-11.7-23.6-45.6-23.9-57.4 0z\"><\/path><\/svg><\/span>\t\t\t\t\t\n\t\t\t\t\t<span class=\"wd-list-content list-content\">\n\t\t\t\t\t\t\t\t\t\t\t\t\t68mm x 97mm internal pocket size - Fits standard size gaming cards\t\t\t\t\t\t\t\t\t\t\t<\/span>\n\t\t\t\t<\/li>\n\t\t\t\t\t<\/ul>\n\n\t\t\t\t\t\t<\/div>\n\t\t\t\t<\/div>\n\t\t\t\t<div class=\"elementor-element elementor-element-a06c063 elementor-widget__width-initial elementor-widget elementor-widget-wd_list\" data-id=\"a06c063\" data-element_type=\"widget\" data-e-type=\"widget\" data-widget_type=\"wd_list.default\">\n\t\t\t\t<div class=\"elementor-widget-container\">\n\t\t\t\t\t\t\t<ul class=\"wd-list color-scheme-custom wd-fontsize-s wd-type-icon wd-style-default text-left\">\n\t\t\t\t\t\t\t\t\t\t\t<li class=\"elementor-repeater-item-3cc950f\">\n\t\t\t\t\t\t\t\t\t\t\t<span class=\"wd-icon\"><svg class=\"e-font-icon-svg e-fas-star\" viewbox=\"0 0 576 512\" xmlns=\"http:\/\/www.w3.org\/2000\/svg\"><path d=\"M259.3 17.8L194 150.2 47.9 171.5c-26.2 3.8-36.7 36.1-17.7 54.6l105.7 103-25 145.5c-4.5 26.3 23.2 46 46.4 33.7L288 439.6l130.7 68.7c23.2 12.2 50.9-7.4 46.4-33.7l-25-145.5 105.7-103c19-18.5 8.5-50.8-17.7-54.6L382 150.2 316.7 17.8c-11.7-23.6-45.6-23.9-57.4 0z\"><\/path><\/svg><\/span>\t\t\t\t\t\n\t\t\t\t\t<span class=\"wd-list-content list-content\">\n\t\t\t\t\t\t\t\t\t\t\t\t\tHolds 480 cards in MOBO Gloss Sleeves protector\t\t\t\t\t\t\t\t\t\t\t<\/span>\n\t\t\t\t<\/li>\n\t\t\t\t\t\t\t\t\t\t\t<li class=\"elementor-repeater-item-cb4715f\">\n\t\t\t\t\t\t\t\t\t\t\t<span class=\"wd-icon\"><svg class=\"e-font-icon-svg e-fas-star\" viewbox=\"0 0 576 512\" xmlns=\"http:\/\/www.w3.org\/2000\/svg\"><path d=\"M259.3 17.8L194 150.2 47.9 171.5c-26.2 3.8-36.7 36.1-17.7 54.6l105.7 103-25 145.5c-4.5 26.3 23.2 46 46.4 33.7L288 439.6l130.7 68.7c23.2 12.2 50.9-7.4 46.4-33.7l-25-145.5 105.7-103c19-18.5 8.5-50.8-17.7-54.6L382 150.2 316.7 17.8c-11.7-23.6-45.6-23.9-57.4 0z\"><\/path><\/svg><\/span>\t\t\t\t\t\n\t\t\t\t\t<span class=\"wd-list-content list-content\">\n\t\t\t\t\t\t\t\t\t\t\t\t\tElastic strap holds the binder shut when not in use\t\t\t\t\t\t\t\t\t\t\t<\/span>\n\t\t\t\t<\/li>\n\t\t\t\t\t<\/ul>\n\n\t\t\t\t\t\t<\/div>\n\t\t\t\t<\/div>\n\t\t\t\t<\/div>\n\t\t\t\t<\/div>\n\t\t\t\t<\/div>\n\t\t<div class=\"elementor-element elementor-element-06e8823 e-con-full e-flex e-con e-child\" data-id=\"06e8823\" data-element_type=\"container\" data-e-type=\"container\">\n\t\t<div class=\"elementor-element elementor-element-0676e97 e-con-full e-flex e-con e-child\" data-id=\"0676e97\" data-element_type=\"container\" data-e-type=\"container\">\n\t\t\t\t<div class=\"elementor-element elementor-element-511c0aa wd-width-100 elementor-widget elementor-widget-wd_title\" data-id=\"511c0aa\" data-element_type=\"widget\" data-e-type=\"widget\" data-widget_type=\"wd_title.default\">\n\t\t\t\t<div class=\"elementor-widget-container\">\n\t\t\t\t\t\t\t<div class=\"title-wrapper wd-set-mb reset-last-child wd-title-color-default wd-title-style-default wd-title-size-default text-left\">\n\n\t\t\t\n\t\t\t<div class=\"liner-continer\">\n\t\t\t\t<h4 class=\"woodmart-title-container title wd-fontsize-l\">Maximum Security<br \/>\n<\/h4> \n\t\t\t\t\t\t\t<\/div>\n\n\t\t\t\t\t<\/div>\n\t\t\t\t\t\t<\/div>\n\t\t\t\t<\/div>\n\t\t\t\t<div class=\"elementor-element elementor-element-82c109a elementor-widget elementor-widget-wd_text_block\" data-id=\"82c109a\" data-element_type=\"widget\" data-e-type=\"widget\" data-widget_type=\"wd_text_block.default\">\n\t\t\t\t<div class=\"elementor-widget-container\">\n\t\t\t\t\t\t\t<div class=\"wd-text-block reset-last-child text-left\">\n\t\t\t\n\t\t\t<p data-start=\"342\" data-end=\"512\">Side-loading design prevents cards from slipping out, while the durable elastic strap keeps the binder shut and your collection secure on the go.<\/p><p data-start=\"514\" data-end=\"707\">\u00a0<\/p>\n\t\t\t\t\t<\/div>\n\t\t\t\t\t\t<\/div>\n\t\t\t\t<\/div>\n\t\t\t\t<div class=\"elementor-element elementor-element-dca0da1 elementor-widget elementor-widget-wd_button\" data-id=\"dca0da1\" data-element_type=\"widget\" data-e-type=\"widget\" data-widget_type=\"wd_button.default\">\n\t\t\t\t<div class=\"elementor-widget-container\">\n\t\t\t\t\t\t\t<div class=\"wd-button-wrapper text-left\" >\n\t\t\t<a class=\"btn btn-style-default btn-shape-semi-round btn-size-default btn-color-primary btn-icon-pos-right\"  href=\"#\">\n\t\t\t\t<span class=\"wd-btn-text\" data-elementor-setting-key=\"text\">\n\t\t\t\t\tQuestions &amp; R\u00e9ponses\t\t\t\t<\/span>\n\n\t\t\t\t\t\t\t<\/a>\n\t\t<\/div>\n\t\t\t\t\t\t<\/div>\n\t\t\t\t<\/div>\n\t\t\t\t<\/div>\n\t\t<div class=\"elementor-element elementor-element-69573a6 e-con-full e-flex e-con e-child\" data-id=\"69573a6\" data-element_type=\"container\" data-e-type=\"container\">\n\t\t\t\t<div class=\"elementor-element elementor-element-7a0e0f9 elementor-widget elementor-widget-wd_image_or_svg\" data-id=\"7a0e0f9\" data-element_type=\"widget\" data-e-type=\"widget\" data-widget_type=\"wd_image_or_svg.default\">\n\t\t\t\t<div class=\"elementor-widget-container\">\n\t\t\t\t\t\n\t\t<div class=\"wd-image text-left\">\n\t\t\t\t\t\t\t\t<img loading=\"lazy\" decoding=\"async\" width=\"2560\" height=\"1660\" src=\"https:\/\/shop-mobo.com\/wp-content\/uploads\/2025\/12\/mobo-card-binder-insert-protection-page-extra-layer-scaled.jpg\" class=\"attachment-full size-full\" alt=\"\" srcset=\"https:\/\/shop-mobo.com\/wp-content\/uploads\/2025\/12\/mobo-card-binder-insert-protection-page-extra-layer-scaled.jpg 2560w, https:\/\/shop-mobo.com\/wp-content\/uploads\/2025\/12\/mobo-card-binder-insert-protection-page-extra-layer-400x259.jpg 400w, https:\/\/shop-mobo.com\/wp-content\/uploads\/2025\/12\/mobo-card-binder-insert-protection-page-extra-layer-1233x800.jpg 1233w, https:\/\/shop-mobo.com\/wp-content\/uploads\/2025\/12\/mobo-card-binder-insert-protection-page-extra-layer-768x498.jpg 768w, https:\/\/shop-mobo.com\/wp-content\/uploads\/2025\/12\/mobo-card-binder-insert-protection-page-extra-layer-1536x996.jpg 1536w, https:\/\/shop-mobo.com\/wp-content\/uploads\/2025\/12\/mobo-card-binder-insert-protection-page-extra-layer-2048x1328.jpg 2048w, https:\/\/shop-mobo.com\/wp-content\/uploads\/2025\/12\/mobo-card-binder-insert-protection-page-extra-layer-18x12.jpg 18w, https:\/\/shop-mobo.com\/wp-content\/uploads\/2025\/12\/mobo-card-binder-insert-protection-page-extra-layer-600x389.jpg 600w, https:\/\/shop-mobo.com\/wp-content\/uploads\/2025\/12\/mobo-card-binder-insert-protection-page-extra-layer-1200x778.jpg 1200w, https:\/\/shop-mobo.com\/wp-content\/uploads\/2025\/12\/mobo-card-binder-insert-protection-page-extra-layer-148x96.jpg 148w\" sizes=\"auto, (max-width: 2560px) 100vw, 2560px\" title=\"\">\t\t\t\t\t<\/div>\n\n\t\t\t\t\t\t<\/div>\n\t\t\t\t<\/div>\n\t\t\t\t<\/div>\n\t\t\t\t<\/div>\n\t\t<div class=\"elementor-element elementor-element-fa05c20 e-con-full e-flex e-con e-child\" data-id=\"fa05c20\" data-element_type=\"container\" data-e-type=\"container\">\n\t\t<div class=\"elementor-element elementor-element-e3d8e9b e-con-full e-flex e-con e-child\" data-id=\"e3d8e9b\" data-element_type=\"container\" data-e-type=\"container\">\n\t\t\t\t<div class=\"elementor-element elementor-element-0af9c5f elementor-widget elementor-widget-wd_image_or_svg\" data-id=\"0af9c5f\" data-element_type=\"widget\" data-e-type=\"widget\" data-widget_type=\"wd_image_or_svg.default\">\n\t\t\t\t<div class=\"elementor-widget-container\">\n\t\t\t\t\t\n\t\t<div class=\"wd-image text-left\">\n\t\t\t\t\t\t\t\t<img loading=\"lazy\" decoding=\"async\" width=\"2377\" height=\"1531\" src=\"https:\/\/shop-mobo.com\/wp-content\/uploads\/2025\/12\/mobo-card-binder-premium-cover-silver-logo.jpg\" class=\"attachment-full size-full\" alt=\"\" srcset=\"https:\/\/shop-mobo.com\/wp-content\/uploads\/2025\/12\/mobo-card-binder-premium-cover-silver-logo.jpg 2377w, https:\/\/shop-mobo.com\/wp-content\/uploads\/2025\/12\/mobo-card-binder-premium-cover-silver-logo-400x258.jpg 400w, https:\/\/shop-mobo.com\/wp-content\/uploads\/2025\/12\/mobo-card-binder-premium-cover-silver-logo-1242x800.jpg 1242w, https:\/\/shop-mobo.com\/wp-content\/uploads\/2025\/12\/mobo-card-binder-premium-cover-silver-logo-768x495.jpg 768w, https:\/\/shop-mobo.com\/wp-content\/uploads\/2025\/12\/mobo-card-binder-premium-cover-silver-logo-1536x989.jpg 1536w, https:\/\/shop-mobo.com\/wp-content\/uploads\/2025\/12\/mobo-card-binder-premium-cover-silver-logo-2048x1319.jpg 2048w, https:\/\/shop-mobo.com\/wp-content\/uploads\/2025\/12\/mobo-card-binder-premium-cover-silver-logo-18x12.jpg 18w, https:\/\/shop-mobo.com\/wp-content\/uploads\/2025\/12\/mobo-card-binder-premium-cover-silver-logo-600x386.jpg 600w, https:\/\/shop-mobo.com\/wp-content\/uploads\/2025\/12\/mobo-card-binder-premium-cover-silver-logo-1200x773.jpg 1200w, https:\/\/shop-mobo.com\/wp-content\/uploads\/2025\/12\/mobo-card-binder-premium-cover-silver-logo-148x95.jpg 148w\" sizes=\"auto, (max-width: 2377px) 100vw, 2377px\" title=\"\">\t\t\t\t\t<\/div>\n\n\t\t\t\t\t\t<\/div>\n\t\t\t\t<\/div>\n\t\t\t\t<\/div>\n\t\t<div class=\"elementor-element elementor-element-10de48f e-con-full e-flex e-con e-child\" data-id=\"10de48f\" data-element_type=\"container\" data-e-type=\"container\">\n\t\t\t\t<div class=\"elementor-element elementor-element-a6a6087 wd-width-100 elementor-widget elementor-widget-wd_title\" data-id=\"a6a6087\" data-element_type=\"widget\" data-e-type=\"widget\" data-widget_type=\"wd_title.default\">\n\t\t\t\t<div class=\"elementor-widget-container\">\n\t\t\t\t\t\t\t<div class=\"title-wrapper wd-set-mb reset-last-child wd-title-color-default wd-title-style-default wd-title-size-default text-left\">\n\n\t\t\t\n\t\t\t<div class=\"liner-continer\">\n\t\t\t\t<h4 class=\"woodmart-title-container title wd-fontsize-l\"><strong>Universal Compatibility<\/strong><\/h4> \n\t\t\t\t\t\t\t<\/div>\n\n\t\t\t\t\t<\/div>\n\t\t\t\t\t\t<\/div>\n\t\t\t\t<\/div>\n\t\t\t\t<div class=\"elementor-element elementor-element-237f652 elementor-widget elementor-widget-wd_text_block\" data-id=\"237f652\" data-element_type=\"widget\" data-e-type=\"widget\" data-widget_type=\"wd_text_block.default\">\n\t\t\t\t<div class=\"elementor-widget-container\">\n\t\t\t\t\t\t\t<div class=\"wd-text-block reset-last-child text-left\">\n\t\t\t\n\t\t\t<p>Designed for all standard-size TCG cards (Pok\u00e9mon, Magic, Yu-Gi-Oh!, and more). The 12-pocket layout offers extra-large capacity, perfect for serious collectors.<\/p>\n\t\t\t\t\t<\/div>\n\t\t\t\t\t\t<\/div>\n\t\t\t\t<\/div>\n\t\t\t\t<\/div>\n\t\t\t\t<\/div>\n\t\t\t\t\t<\/div>\n\t\t\t\t<\/div>\n\t\t\t\t<\/div>","protected":false},"excerpt":{"rendered":"<p>\u2013 Peut contenir jusqu\u2019\u00e0 480 cartes \u2013 12 pochettes par page<br \/>\n\u2013 Chargement lat\u00e9ral \u2013 les cartes restent parfaitement en place<br \/>\n\u2013 Qualit\u00e9 archive \u2013 sans acide, sans PVC, pour une conservation \u00e0 long terme<br \/>\n\u2013 Reliure rigide avec sangle \u00e9lastique \u2013 garde votre collection bien prot\u00e9g\u00e9e<br \/>\n\u2013 Compatible avec toutes les cartes TCG au format standard \u2013 Pok\u00e9mon, Magic, One Piece, et plus<\/p>\n<p><strong>Comprend des feuilles de protection suppl\u00e9mentaires pour la premi\u00e8re et la derni\u00e8re page \u2014 un d\u00e9tail premium que la plupart des classeurs n\u2019offrent pas.<\/strong><\/p>","protected":false},"featured_media":31088,"template":"","meta":[],"product_brand":[77],"product_cat":[101,102],"product_tag":[466],"class_list":{"0":"post-29721","1":"product","2":"type-product","3":"status-publish","4":"has-post-thumbnail","6":"product_brand-mobo","7":"product_cat-tcg-card-protection","8":"product_cat-binders","9":"product_tag-binder","11":"first","12":"instock","13":"taxable","14":"shipping-taxable","15":"purchasable","16":"product-type-variable","17":"has-default-attributes"},"tiered_pricing_type":"fixed","tiered_pricing_fixed_rules":[],"tiered_pricing_product_settings":{"layout":"default","base_unit_name":{"singular":null,"plural":null},"default_variation":null},"tiered_pricing_minimum_quantity":null,"tiered_pricing_roles_data":[],"tiered_pricing_percentage_rules":[],"_links":{"self":[{"href":"https:\/\/shop-mobo.com\/fr\/wp-json\/wp\/v2\/product\/29721","targetHints":{"allow":["GET"]}}],"collection":[{"href":"https:\/\/shop-mobo.com\/fr\/wp-json\/wp\/v2\/product"}],"about":[{"href":"https:\/\/shop-mobo.com\/fr\/wp-json\/wp\/v2\/types\/product"}],"version-history":[{"count":33,"href":"https:\/\/shop-mobo.com\/fr\/wp-json\/wp\/v2\/product\/29721\/revisions"}],"predecessor-version":[{"id":32065,"href":"https:\/\/shop-mobo.com\/fr\/wp-json\/wp\/v2\/product\/29721\/revisions\/32065"}],"wp:featuredmedia":[{"embeddable":true,"href":"https:\/\/shop-mobo.com\/fr\/wp-json\/wp\/v2\/media\/31088"}],"wp:attachment":[{"href":"https:\/\/shop-mobo.com\/fr\/wp-json\/wp\/v2\/media?parent=29721"}],"wp:term":[{"taxonomy":"product_brand","embeddable":true,"href":"https:\/\/shop-mobo.com\/fr\/wp-json\/wp\/v2\/product_brand?post=29721"},{"taxonomy":"product_cat","embeddable":true,"href":"https:\/\/shop-mobo.com\/fr\/wp-json\/wp\/v2\/product_cat?post=29721"},{"taxonomy":"product_tag","embeddable":true,"href":"https:\/\/shop-mobo.com\/fr\/wp-json\/wp\/v2\/product_tag?post=29721"}],"curies":[{"name":"wp","href":"https:\/\/api.w.org\/{rel}","templated":true}]}}